{"id":2,"date":"2019-07-18T04:18:23","date_gmt":"2019-07-18T02:18:23","guid":{"rendered":"https:\/\/www.rinrinrecreacion.com.co\/web\/?page_id=2"},"modified":"2021-11-22T13:19:36","modified_gmt":"2021-11-22T18:19:36","slug":"inicio","status":"publish","type":"page","link":"https:\/\/www.fuseincol.com\/manizales\/","title":{"rendered":"Inicio"},"content":{"rendered":"<p>[vc_row full_width=\u00bbstretch_row_content_no_spaces\u00bb][vc_column][rev_slider_vc alias=\u00bbinicio\u00bb][\/vc_column][\/vc_row][vc_row full_width=\u00bbstretch_row_content_no_spaces\u00bb el_class=\u00bbhome-block-01&#8243; css=\u00bb.vc_custom_1563420591675{padding-top: 70px !important;padding-right: 5% !important;padding-bottom: 70px !important;padding-left: 5% !important;}\u00bb][vc_column width=\u00bb1\/2&#8243;][vc_column_text]<\/p>\n<p class=\"text-xlg text-bold text-title color-red\">Bienvenidos a Fuseincol<\/p>\n<h1 class=\"text-xlg text-bolder color-green\" style=\"font-size: 22pt !important;\">Contamos con mas de 20 a\u00f1os de experiencia<\/h1>\n<p>[\/vc_column_text][vc_column_text]<\/p>\n<p style=\"text-align: justify;\">Fuseincol S.A.S. Fusi\u00f3n de Servicios Industriales de Colombia, somos una empresa Innovadora de comercializaci\u00f3n de productos y servicios enfocados al sector residencial e industrial de las principales ciudades de Colombia, como sede principal la ciudad de Medell\u00edn y operaciones comerciales en Bucaramanga, Bogot\u00e1, Cali, Barranquilla, Cartagena, Manizales, Armenia, Pereira, Neiva, Ibagu\u00e9, Villavicencio, Tunja, Pasto, C\u00facuta, Sincelejo.<\/p>\n<p>[\/vc_column_text][vc_column_text css=\u00bb.vc_custom_1589896252196{padding-top: 10px !important;}\u00bb]<a class=\"button bg-blue color-white\" href=\"\/nuestra-empresa\/\">Ver m\u00e1s<\/a>[\/vc_column_text][\/vc_column][vc_column width=\u00bb1\/2&#8243; css=\u00bb.vc_custom_1566063552248{padding-left: 50px !important;}\u00bb][vc_video link=\u00bbhttps:\/\/www.youtube.com\/watch?v=ssc40YNO0rw\u00bb][\/vc_column][\/vc_row][vc_row][vc_column width=\u00bb1\/4&#8243;][vc_column_text]<\/p>\n<h1 style=\"font-size: 11pt; font-weight: 400 !important; text-align: center;\">Fumigaciones en Manizales<\/h1>\n<p>[\/vc_column_text][\/vc_column][vc_column width=\u00bb1\/4&#8243;][vc_column_text]<\/p>\n<h1 style=\"font-size: 11pt; font-weight: 400 !important; text-align: center;\">Fumigaciones Manizales<\/h1>\n<p>[\/vc_column_text][\/vc_column][vc_column width=\u00bb1\/4&#8243;][vc_column_text]<\/p>\n<h1 style=\"font-size: 11pt; font-weight: 400 !important; text-align: center;\">Control de Plagas en Manizales<\/h1>\n<p>[\/vc_column_text][\/vc_column][vc_column width=\u00bb1\/4&#8243;][vc_column_text]<\/p>\n<h1 style=\"font-size: 11pt; font-weight: 400 !important; text-align: center;\">Control de Roedores Manizales<\/h1>\n<p>[\/vc_column_text][\/vc_column][\/vc_row][vc_row css=\u00bb.vc_custom_1563542309827{padding-top: 70px !important;padding-bottom: 70px !important;}\u00bb][vc_column][vc_column_text el_class=\u00bbtext-center\u00bb]<\/p>\n<h1 class=\"text-xlg text-bolder color-green\">Productos y Servicios<br \/>\nFuseincol<\/h1>\n<div style=\"background: #dd0510; height: 5px; margin: 25px auto 15px auto; width: 75px;\"><\/div>\n<p>[\/vc_column_text][vc_raw_html]JTNDZGl2JTIwY2xhc3MlM0QlMjJncmlkJTIyJTNFJTBBJTA5JTNDZmlndXJlJTIwY2xhc3MlM0QlMjJlZmZlY3QtbWluZyUyMiUzRSUwQSUwOSUwOSUzQ2ltZyUyMHNyYyUzRCUyMmh0dHBzJTNBJTJGJTJGd3d3LmZ1c2VpbmNvbC5jb20lMkZ3cC1jb250ZW50JTJGdXBsb2FkcyUyRjIwMTklMkYwOCUyRkZ1bWlnYWNpb25lcy1tZWRlbGxpbi5qcGclMjIlMjBhbHQlM0QlMjJpbWcwOSUyMiUzRSUwQSUwOSUwOSUzQ2ZpZ2NhcHRpb24lM0UlMEElMDklMDklMDklM0NoMiUzRUNvbnRyb2wlMjAlM0NiciUzRSUyMCUzQ3NwYW4lM0VkZSUyMFBsYWdhcyUzQyUyRnNwYW4lM0UlM0MlMkZoMiUzRSUwQSUwOSUwOSUwOSUzQ3AlM0VDb25vY2UlMjBtJUMzJUExcyUyMHNvYnJlJTIwbnVlc3Ryb3MlMjBzZXJ2aWNpb3MuJTNDJTJGcCUzRSUwQSUwOSUwOSUwOSUzQ2ElMjBocmVmJTNEJTIyaHR0cHMlM0ElMkYlMkZ3d3cuZnVzZWluY29sLmNvbSUyRmZ1bWlnYWNpb24teS1jb250cm9sLWRlLXBsYWdhcyUyRiUyMiUzRVZpZXclMjBtb3JlJTNDJTJGYSUzRSUwQSUwOSUwOSUzQyUyRmZpZ2NhcHRpb24lM0UlMDklMDklMDklMEElMDklM0MlMkZmaWd1cmUlM0UlMEElMDklM0NmaWd1cmUlMjBjbGFzcyUzRCUyMmVmZmVjdC1taW5nJTIyJTNFJTBBJTA5JTA5JTNDaW1nJTIwc3JjJTNEJTIyaHR0cHMlM0ElMkYlMkZ3d3cuZnVzZWluY29sLmNvbSUyRndwLWNvbnRlbnQlMkZ1cGxvYWRzJTJGMjAxOSUyRjA4JTJGTGluZWEtZGUtZXh0aW50b3Jlcy1NZWRlbGwlQzMlQURuLmpwZyUyMiUyMGFsdCUzRCUyMmltZzA4JTIyJTNFJTBBJTA5JTA5JTNDZmlnY2FwdGlvbiUzRSUwQSUwOSUwOSUwOSUzQ2gyJTNFTCVDMyVBRG5lYSUyMGRlJTIwJTNDYnIlM0UlMjAlM0NzcGFuJTNFRXh0aW50b3JlcyUzQyUyRnNwYW4lM0UlM0MlMkZoMiUzRSUwQSUwOSUwOSUwOSUzQ3AlM0VDb25vY2UlMjBtJUMzJUExcyUyMHNvYnJlJTIwbnVlc3Ryb3MlMjBzZXJ2aWNpb3MuJTNDJTJGcCUzRSUwQSUwOSUwOSUwOSUzQ2ElMjBocmVmJTNEJTIyaHR0cHMlM0ElMkYlMkZ3d3cuZnVzZWluY29sLmNvbSUyRmV4dGludG9yZXMlMkYlMjIlM0VWaWV3JTIwbW9yZSUzQyUyRmElM0UlMEElMDklMDklM0MlMkZmaWdjYXB0aW9uJTNFJTA5JTA5JTA5JTBBJTA5JTNDJTJGZmlndXJlJTNFJTBBJTIwJTIwJTIwJTIwJTNDZmlndXJlJTIwY2xhc3MlM0QlMjJlZmZlY3QtbWluZyUyMiUzRSUwQSUwOSUwOSUzQ2ltZyUyMHNyYyUzRCUyMmh0dHBzJTNBJTJGJTJGd3d3LmZ1c2VpbmNvbC5jb20lMkZ3cC1jb250ZW50JTJGdXBsb2FkcyUyRjIwMTklMkYwOCUyRnNlZ3VyaWRhZC1pbmR1c3RyaWFsLmpwZyUyMiUyMGFsdCUzRCUyMmltZzA4JTIyJTNFJTBBJTA5JTA5JTNDZmlnY2FwdGlvbiUzRSUwQSUwOSUwOSUwOSUzQ2gyJTNFU2VndXJpZGFkJTIwJTIwJTNDYnIlM0UlMjAlM0NzcGFuJTNFSW5kdXN0cmlhbCUzQyUyRnNwYW4lM0UlM0MlMkZoMiUzRSUwQSUwOSUwOSUwOSUzQ3AlM0VDb25vY2UlMjBtJUMzJUExcyUyMHNvYnJlJTIwbnVlc3Ryb3MlMjBzZXJ2aWNpb3MuJTNDJTJGcCUzRSUwQSUwOSUwOSUwOSUzQ2ElMjBocmVmJTNEJTIyaHR0cHMlM0ElMkYlMkZ3d3cuZnVzZWluY29sLmNvbSUyRnNlZ3VyaWRhZC1pbmR1c3RyaWFsLTUlMkYlMjIlM0VWaWV3JTIwbW9yZSUzQyUyRmElM0UlMEElMDklMDklM0MlMkZmaWdjYXB0aW9uJTNFJTA5JTA5JTA5JTBBJTA5JTNDJTJGZmlndXJlJTNFJTBBJTIwJTIwJTIwJTIwJTNDZmlndXJlJTIwY2xhc3MlM0QlMjJlZmZlY3QtbWluZyUyMiUzRSUwQSUwOSUwOSUzQ2ltZyUyMHNyYyUzRCUyMmh0dHBzJTNBJTJGJTJGd3d3LmZ1c2VpbmNvbC5jb20lMkZ3cC1jb250ZW50JTJGdXBsb2FkcyUyRjIwMTklMkYwOCUyRk90cm9zLXNlcnZpY2lvcy5qcGclMjIlMjBhbHQlM0QlMjJpbWcwOCUyMiUzRSUwQSUwOSUwOSUzQ2ZpZ2NhcHRpb24lM0UlMEElMDklMDklMDklM0NoMiUzRU90cm9zJTIwJTIwJTNDYnIlM0UlMjAlM0NzcGFuJTNFU2VydmljaW9zJTNDJTJGc3BhbiUzRSUzQyUyRmgyJTNFJTBBJTA5JTA5JTA5JTNDcCUzRUNvbm9jZSUyMG0lQzMlQTFzJTIwc29icmUlMjBudWVzdHJvcyUyMHNlcnZpY2lvcy4lM0MlMkZwJTNFJTBBJTA5JTA5JTA5JTNDYSUyMGhyZWYlM0QlMjJodHRwcyUzQSUyRiUyRnd3dy5mdXNlaW5jb2wuY29tJTJGc2VydmljaW9zLWFkaWNpb25hbGVzJTJGJTIyJTNFVmlldyUyMG1vcmUlM0MlMkZhJTNFJTBBJTA5JTA5JTNDJTJGZmlnY2FwdGlvbiUzRSUwOSUwOSUwOSUwQSUwOSUzQyUyRmZpZ3VyZSUzRSUwQSUzQyUyRmRpdiUzRSUwQSUwQQ==[\/vc_raw_html][\/vc_column][\/vc_row][vc_row content_placement=\u00bbmiddle\u00bb css=\u00bb.vc_custom_1566064317483{padding-top: 70px !important;padding-bottom: 30px !important;}\u00bb el_class=\u00bbcontact-form-home\u00bb][vc_column][vc_column_text el_class=\u00bbtext-center\u00bb]<\/p>\n<p class=\"text-xlg text-bold text-title color-red\">\u00a1Cont\u00e1ctenos!<\/p>\n<div style=\"background: #dd0510; height: 5px; margin: 25px auto 15px auto; width: 75px;\"><\/div>\n<p>[\/vc_column_text][\/vc_column][\/vc_row][vc_row css=\u00bb.vc_custom_1566064323353{padding-bottom: 70px !important;}\u00bb][vc_column width=\u00bb1\/2&#8243;]<div role=\"form\" class=\"wpcf7\" id=\"wpcf7-f5-o1\" lang=\"es-ES\" dir=\"ltr\">\n<div class=\"screen-reader-response\"><p role=\"status\" aria-live=\"polite\" aria-atomic=\"true\"><\/p> <ul><\/ul><\/div>\n<form action=\"\/manizales\/wp-json\/wp\/v2\/pages\/2#wpcf7-f5-o1\" method=\"post\" class=\"wpcf7-form init\" novalidate=\"novalidate\" data-status=\"init\">\n<div style=\"display: none;\">\n<input type=\"hidden\" name=\"_wpcf7\" value=\"5\" \/>\n<input type=\"hidden\" name=\"_wpcf7_version\" value=\"5.6.4\" \/>\n<input type=\"hidden\" name=\"_wpcf7_locale\" value=\"es_ES\" \/>\n<input type=\"hidden\" name=\"_wpcf7_unit_tag\" value=\"wpcf7-f5-o1\" \/>\n<input type=\"hidden\" name=\"_wpcf7_container_post\" value=\"0\" \/>\n<input type=\"hidden\" name=\"_wpcf7_posted_data_hash\" value=\"\" \/>\n<input type=\"hidden\" name=\"_wpcf7_recaptcha_response\" value=\"\" \/>\n<\/div>\n<div class=\"row\">\n<div class=\"col-12 col-sm-12 col-md-6\">\n<div class=\"form-group\">\n\t\t\t<label>Nombre completo:<\/label><br \/>\n\t\t\t<span class=\"wpcf7-form-control-wrap\" data-name=\"nombre\"><input type=\"text\" name=\"nombre\" value=\"\" size=\"40\" class=\"wpcf7-form-control wpcf7-text wpcf7-validates-as-required form-control\" aria-required=\"true\" aria-invalid=\"false\" placeholder=\"Escribe aqu\u00ed tu nombre completo...\" \/><\/span>\n\t\t<\/div>\n<\/div>\n<div class=\"col-12 col-sm-12 col-md-6\">\n<div class=\"form-group\">\n\t\t\t<label>Telefono:<\/label><br \/>\n\t\t\t<span class=\"wpcf7-form-control-wrap\" data-name=\"telefono\"><input type=\"tel\" name=\"telefono\" value=\"\" size=\"40\" class=\"wpcf7-form-control wpcf7-text wpcf7-tel wpcf7-validates-as-required wpcf7-validates-as-tel form-control\" aria-required=\"true\" aria-invalid=\"false\" placeholder=\"Escribe aqu\u00ed tu telefono...\" \/><\/span>\n\t\t<\/div>\n<\/div>\n<div class=\"col-12 col-sm-12 col-md-12\">\n<div class=\"form-group\">\n\t\t\t<label>Correo electr\u00f3nico:<\/label><br \/>\n                        <span class=\"wpcf7-form-control-wrap\" data-name=\"correo\"><input type=\"email\" name=\"correo\" value=\"\" size=\"40\" class=\"wpcf7-form-control wpcf7-text wpcf7-email wpcf7-validates-as-required wpcf7-validates-as-email form-control\" aria-required=\"true\" aria-invalid=\"false\" placeholder=\"Escribe aqu\u00ed tu correo electr\u00f3nico...\" \/><\/span>\n\t\t<\/div>\n<\/div>\n<div class=\"col-12 col-sm-12\">\n<div class=\"form-group\">\n\t\t\t<label>Asunto:<\/label><br \/>\n\t\t\t<span class=\"wpcf7-form-control-wrap\" data-name=\"asunto\"><input type=\"text\" name=\"asunto\" value=\"\" size=\"40\" class=\"wpcf7-form-control wpcf7-text wpcf7-validates-as-required form-control\" aria-required=\"true\" aria-invalid=\"false\" placeholder=\"Escribe aqu\u00ed el asunto de tu mensaje...\" \/><\/span>\n\t\t<\/div>\n<\/div>\n<div class=\"col-12 col-sm-12\">\n<div class=\"form-group\">\n\t\t\t<label>Mensaje:<\/label><br \/>\n\t\t\t<span class=\"wpcf7-form-control-wrap\" data-name=\"mensaje\"><textarea name=\"mensaje\" cols=\"40\" rows=\"10\" class=\"wpcf7-form-control wpcf7-textarea wpcf7-validates-as-required form-control\" aria-required=\"true\" aria-invalid=\"false\" placeholder=\"Escribe aqu\u00ed tu mensaje...\"><\/textarea><\/span>\n\t\t<\/div>\n<\/div>\n<div class=\"col-12 col-sm-12\">\n<div class=\"form-group\">\n\t\t\t<label>Mensaje:<\/label><\/p>\n<span class=\"wpcf7-form-control-wrap recaptcha\" data-name=\"recaptcha\"><span data-sitekey=\"6Le1CaYZAAAAAPP0T56fpr58qMyWJx9NUBsrnTsI\" class=\"wpcf7-form-control g-recaptcha wpcf7-recaptcha\"><\/span>\r\n<noscript>\r\n\t<div class=\"grecaptcha-noscript\">\r\n\t\t<iframe src=\"https:\/\/www.google.com\/recaptcha\/api\/fallback?k=6Le1CaYZAAAAAPP0T56fpr58qMyWJx9NUBsrnTsI\" frameborder=\"0\" scrolling=\"no\" width=\"310\" height=\"430\">\r\n\t\t<\/iframe>\r\n\t\t<textarea name=\"g-recaptcha-response\" rows=\"3\" cols=\"40\" placeholder=\"Aqu\u00ed la respuesta de reCAPTCHA\">\r\n\t\t<\/textarea>\r\n\t<\/div>\r\n<\/noscript>\r\n<\/span>\n<\/div>\n<\/div>\n<div class=\"col-12 col-sm-12\">\n<div class=\"form-group\">\n\t\t\t<input type=\"submit\" value=\"Enviar\" class=\"wpcf7-form-control has-spinner wpcf7-submit button bg-green color-white\" \/> <input type=\"reset\" class=\"button bg-red color-white\" value=\"Limpiar\">\n\t\t<\/div>\n<\/div>\n<\/div>\n<div class=\"wpcf7-response-output\" aria-hidden=\"true\"><\/div><\/form><\/div>[\/vc_column][vc_column width=\u00bb1\/2&#8243;][vc_gmaps link=\u00bb#E-8_JTNDaWZyYW1lJTIwc3JjJTNEJTIyaHR0cHMlM0ElMkYlMkZ3d3cuZ29vZ2xlLmNvbSUyRm1hcHMlMkZlbWJlZCUzRnBiJTNEJTIxMW0xOCUyMTFtMTIlMjExbTMlMjExZDMxMzA3LjI0Njk0MDI0Njg2NyUyMTJkLTc0LjE5OTkwNjYwMTY3MjEzJTIxM2QxMS4yMzE1MjQ2ODg4NjgzMjglMjEybTMlMjExZjAlMjEyZjAlMjEzZjAlMjEzbTIlMjExaTEwMjQlMjEyaTc2OCUyMTRmMTMuMSUyMTNtMyUyMTFtMiUyMTFzMHg4ZWY0ZjY2ZmY1OWExNzNkJTI1M0EweDEyNGI5NWZjMTUzYWY5YjglMjEyc1NhbnRhJTI1MjBNYXJ0YSUyNTJDJTI1MjBNYWdkYWxlbmElMjE1ZTAlMjEzbTIlMjExc2VzJTIxMnNjbyUyMTR2MTYzNzI1ODYxNDg4MCUyMTVtMiUyMTFzZXMlMjEyc2NvJTIyJTIwd2lkdGglM0QlMjI2MDAlMjIlMjBoZWlnaHQlM0QlMjI0MzAlMjIlMjBzdHlsZSUzRCUyMmJvcmRlciUzQTAlM0IlMjIlMjBhbGxvd2Z1bGxzY3JlZW4lM0QlMjIlMjIlMjBsb2FkaW5nJTNEJTIybGF6eSUyMiUzRSUzQyUyRmlmcmFtZSUzRQ==\u00bb][\/vc_column][\/vc_row][vc_row][vc_column][vc_row_inner][vc_column_inner width=\u00bb1\/4&#8243;][vc_column_text]<\/p>\n<h1 style=\"text-align: center; font-size: 10pt;\">Fumigaciones en Manizales<\/h1>\n<h1 style=\"text-align: center; font-size: 10pt;\">Control de Cucarachas, Insectos Manizales<\/h1>\n<p>[\/vc_column_text][\/vc_column_inner][vc_column_inner width=\u00bb1\/4&#8243;][vc_column_text]<\/p>\n<h1 style=\"text-align: center; font-size: 10pt;\">Control de Ratas y Ratones en Manizales<\/h1>\n<h1 style=\"text-align: center; font-size: 10pt;\">Fumigaciones Manizales<\/h1>\n<p>[\/vc_column_text][\/vc_column_inner][vc_column_inner width=\u00bb1\/4&#8243;][vc_column_text]<\/p>\n<h1 style=\"text-align: center; font-size: 10pt;\">Control de Plagas Manizales<\/h1>\n<h1 style=\"text-align: center; font-size: 10pt;\">Manejo Integral de Plagas en Manizales<\/h1>\n<p>[\/vc_column_text][\/vc_column_inner][vc_column_inner width=\u00bb1\/4&#8243;][vc_column_text]<\/p>\n<h1 style=\"text-align: center; font-size: 10pt;\">Empresas de Fumigaciones Manizales<\/h1>\n<h1 style=\"text-align: center; font-size: 10pt;\">Fumigacion Industrial Manizales<\/h1>\n<p>[\/vc_column_text][\/vc_column_inner][\/vc_row_inner][\/vc_column][\/vc_row]<\/p>\n","protected":false},"excerpt":{"rendered":"<p>[vc_row full_width=\u00bbstretch_row_content_no_spaces\u00bb][vc_column][rev_slider_vc alias=\u00bbinicio\u00bb][\/vc_column][\/vc_row][vc_row full_width=\u00bbstretch_row_content_no_spaces\u00bb el_class=\u00bbhome-block-01&#8243; css=\u00bb.vc_custom_1563420591675{padding-top: 70px !important;padding-right: 5% !important;padding-bottom: 70px !important;padding-left: 5% !important;}\u00bb][vc_column width=\u00bb1\/2&#8243;][vc_column_text] Bienvenidos a Fuseincol Contamos con&#8230;<\/p>\n","protected":false},"author":1,"featured_media":0,"parent":0,"menu_order":0,"comment_status":"closed","ping_status":"closed","template":"","meta":[],"_links":{"self":[{"href":"https:\/\/www.fuseincol.com\/manizales\/wp-json\/wp\/v2\/pages\/2"}],"collection":[{"href":"https:\/\/www.fuseincol.com\/manizales\/wp-json\/wp\/v2\/pages"}],"about":[{"href":"https:\/\/www.fuseincol.com\/manizales\/wp-json\/wp\/v2\/types\/page"}],"author":[{"embeddable":true,"href":"https:\/\/www.fuseincol.com\/manizales\/wp-json\/wp\/v2\/users\/1"}],"replies":[{"embeddable":true,"href":"https:\/\/www.fuseincol.com\/manizales\/wp-json\/wp\/v2\/comments?post=2"}],"version-history":[{"count":85,"href":"https:\/\/www.fuseincol.com\/manizales\/wp-json\/wp\/v2\/pages\/2\/revisions"}],"predecessor-version":[{"id":1079,"href":"https:\/\/www.fuseincol.com\/manizales\/wp-json\/wp\/v2\/pages\/2\/revisions\/1079"}],"wp:attachment":[{"href":"https:\/\/www.fuseincol.com\/manizales\/wp-json\/wp\/v2\/media?parent=2"}],"curies":[{"name":"wp","href":"https:\/\/api.w.org\/{rel}","templated":true}]}}