{"id":563,"date":"2019-08-17T00:10:22","date_gmt":"2019-08-16T22:10:22","guid":{"rendered":"http:\/\/estrategiascomercialesweb.com\/ip\/fuseincol\/?page_id=563"},"modified":"2020-05-19T09:49:12","modified_gmt":"2020-05-19T14:49:12","slug":"propiedad-horizontal","status":"publish","type":"page","link":"https:\/\/www.fuseincol.com\/manizales\/propiedad-horizontal\/","title":{"rendered":"Propiedad Horizontal"},"content":{"rendered":"<p>[vc_row content_placement=\u00bbmiddle\u00bb css=\u00bb.vc_custom_1563422309203{padding-top: 70px !important;padding-bottom: 70px !important;}\u00bb][vc_column width=\u00bb1\/2&#8243;][vc_column_text]<\/p>\n<p class=\"text-xlg text-bold text-title color-red\" style=\"margin-top: 0px;\">Propiedad Horizontal<\/p>\n<p>[\/vc_column_text][vc_column_text]<\/p>\n<p style=\"text-align: justify;\">Presentamos a ustedes nuestro portafolio de servicios en Salud ocupacional y seguridad industrial para asesor\u00eda, dise\u00f1o e implementaci\u00f3n de Sistemas y programas en la Unidad Residencial, teniendo en cuenta el marco legal en Colombia:<\/p>\n<p style=\"text-align: justify;\">\u2022 Ley 675 de 2011 r\u00e9gimen de Propieda Horizontal de Colombia<\/p>\n<p style=\"text-align: justify;\">\u2022 Ley 9 de 1979 C\u00f3digo Sanitario Nacional<\/p>\n<p style=\"text-align: justify;\">\u2022 Ley 1562 de 2012 Normatividad y Legislaci\u00f3n en Salud ocupacional<\/p>\n<p style=\"text-align: justify;\">\u2022 Ley 1523 Sistema Nacional del Riesgo de Desastres<br \/>\n[\/vc_column_text][vc_column_text css=\u00bb.vc_custom_1589898982388{padding-top: 10px !important;}\u00bb]<a class=\"button bg-blue color-white\" href=\"https:\/\/api.whatsapp.com\/send?phone=+573174041143&amp;&amp;text=Hola,%20tengo%20una%20nueva%20solicitud%20de%20servicio\" target=\"_blank\" rel=\"noopener noreferrer\">Cont\u00e1ctenos<\/a>[\/vc_column_text][\/vc_column][vc_column width=\u00bb1\/2&#8243;][vc_column_text]<\/p>\n<p><img style=\"max-width: 100%;\" src=\"\/wp-content\/uploads\/2019\/08\/Propiedad-Horizontal.jpg\" alt=\"\" \/><\/p>\n<p>[\/vc_column_text][\/vc_column][\/vc_row]<\/p>\n","protected":false},"excerpt":{"rendered":"<p>[vc_row content_placement=\u00bbmiddle\u00bb css=\u00bb.vc_custom_1563422309203{padding-top: 70px !important;padding-bottom: 70px !important;}\u00bb][vc_column width=\u00bb1\/2&#8243;][vc_column_text] Propiedad Horizontal [\/vc_column_text][vc_column_text] Presentamos a ustedes nuestro portafolio de servicios en Salud&#8230;<\/p>\n","protected":false},"author":1,"featured_media":0,"parent":0,"menu_order":0,"comment_status":"closed","ping_status":"closed","template":"","meta":[],"_links":{"self":[{"href":"https:\/\/www.fuseincol.com\/manizales\/wp-json\/wp\/v2\/pages\/563"}],"collection":[{"href":"https:\/\/www.fuseincol.com\/manizales\/wp-json\/wp\/v2\/pages"}],"about":[{"href":"https:\/\/www.fuseincol.com\/manizales\/wp-json\/wp\/v2\/types\/page"}],"author":[{"embeddable":true,"href":"https:\/\/www.fuseincol.com\/manizales\/wp-json\/wp\/v2\/users\/1"}],"replies":[{"embeddable":true,"href":"https:\/\/www.fuseincol.com\/manizales\/wp-json\/wp\/v2\/comments?post=563"}],"version-history":[{"count":5,"href":"https:\/\/www.fuseincol.com\/manizales\/wp-json\/wp\/v2\/pages\/563\/revisions"}],"predecessor-version":[{"id":1006,"href":"https:\/\/www.fuseincol.com\/manizales\/wp-json\/wp\/v2\/pages\/563\/revisions\/1006"}],"wp:attachment":[{"href":"https:\/\/www.fuseincol.com\/manizales\/wp-json\/wp\/v2\/media?parent=563"}],"curies":[{"name":"wp","href":"https:\/\/api.w.org\/{rel}","templated":true}]}}