{"id":723,"date":"2019-08-17T18:29:22","date_gmt":"2019-08-17T16:29:22","guid":{"rendered":"http:\/\/estrategiascomercialesweb.com\/ip\/fuseincol\/?page_id=723"},"modified":"2020-05-19T10:54:15","modified_gmt":"2020-05-19T15:54:15","slug":"extintores-de-agua-a-presion-y-penetrante","status":"publish","type":"page","link":"https:\/\/www.fuseincol.com\/manizales\/extintores-de-agua-a-presion-y-penetrante\/","title":{"rendered":"Extintores de Agua a Presi\u00f3n y penetrante"},"content":{"rendered":"<p>[vc_row content_placement=\u00bbmiddle\u00bb css=\u00bb.vc_custom_1566059385811{padding-top: 70px !important;padding-bottom: 15px !important;}\u00bb][vc_column][vc_column_text]<\/p>\n<p style=\"text-align: justify;\">Extintor de alta calidad con Agua (H2O), para extinguir fuegos Clase A, los cuales abarcan todo material solido que deje ceniza o brasa, tales como cart\u00f3n, madera, papel, basura. Clase B: l\u00edquidos inflamables y combustibles, grasas, pinturas. Son especialmente efectivos en gasolineras y talleres para prevenir y extinguir fuegos en derrames de combustibles cargados con pel\u00edculas acuosas que forman espumas (AFFF). No se deben utilizarse en donde interviene la energ\u00eda el\u00e9ctrica.<\/p>\n<p>[\/vc_column_text][\/vc_column][\/vc_row][vc_row content_placement=\u00bbmiddle\u00bb css=\u00bb.vc_custom_1566059392727{padding-top: 15px !important;padding-bottom: 70px !important;}\u00bb][vc_column width=\u00bb2\/3&#8243;][vc_column_text]<\/p>\n<p style=\"text-align: justify;\"><strong>Caracter\u00edsticas:<\/strong><\/p>\n<p style=\"text-align: justify;\">Cualidades f\u00edsico qu\u00edmicas del agente extintor: Extintor de alta calidad con Agua (H2O), para extinguir fuegos Clase A, los cuales abarcan todo material solido que deje ceniza o brasa, tales como cart\u00f3n, madera, papel, basura. Clase B: l\u00edquidos inflamables y combustibles, grasas, pinturas. Son especialmente efectivos en gasolineras y talleres para prevenir y extinguir fuegos en derrames de combustibles cargados con pel\u00edculas acuosas que forman espumas (AFFF). No se deben utilizarse en donde interviene la energ\u00eda el\u00e9ctrica.<\/p>\n<p style=\"text-align: justify;\"><strong>Usos del producto:<\/strong><\/p>\n<p style=\"text-align: justify;\">Extinci\u00f3n de fuegos clase A y B.<\/p>\n<p style=\"text-align: justify;\"><strong>Clase A:<\/strong><\/p>\n<p style=\"text-align: justify;\">(S\u00f3lidos) Para incendios en los que est\u00e1n implicados materiales combustibles s\u00f3lidos normales como madera, tejidos, viruta, papel, goma y numerosos pl\u00e1sticos que requieren los efectos t\u00e9rmicos del agua (enfriamiento), soluciones de agua, o los efectos envolventes de ciertos elementos qu\u00edmicos secos que retrasan la combusti\u00f3n..<\/p>\n<p>[\/vc_column_text][vc_column_text css=\u00bb.vc_custom_1589903654230{padding-top: 10px !important;}\u00bb]<\/p>\n<p><a class=\"button bg-blue color-white\" href=\"https:\/\/api.whatsapp.com\/send?phone=+573174041143&amp;&amp;text=Hola,%20tengo%20una%20nueva%20solicitud%20de%20servicio\" target=\"_blank\" rel=\"noopener noreferrer\">Cont\u00e1ctenos<\/a><\/p>\n<p>[\/vc_column_text][\/vc_column][vc_column width=\u00bb1\/3&#8243;][vc_column_text]<img loading=\"lazy\" class=\"alignnone size-medium wp-image-708\" src=\"\/wp-content\/uploads\/2019\/08\/3c-300x300.jpg\" alt=\"\" width=\"100%\" height=\"NaN\" \/>[\/vc_column_text][\/vc_column][\/vc_row]<\/p>\n","protected":false},"excerpt":{"rendered":"<p>[vc_row content_placement=\u00bbmiddle\u00bb css=\u00bb.vc_custom_1566059385811{padding-top: 70px !important;padding-bottom: 15px !important;}\u00bb][vc_column][vc_column_text] Extintor de alta calidad con Agua (H2O), para extinguir fuegos Clase A, los&#8230;<\/p>\n","protected":false},"author":1,"featured_media":0,"parent":0,"menu_order":0,"comment_status":"closed","ping_status":"closed","template":"","meta":[],"_links":{"self":[{"href":"https:\/\/www.fuseincol.com\/manizales\/wp-json\/wp\/v2\/pages\/723"}],"collection":[{"href":"https:\/\/www.fuseincol.com\/manizales\/wp-json\/wp\/v2\/pages"}],"about":[{"href":"https:\/\/www.fuseincol.com\/manizales\/wp-json\/wp\/v2\/types\/page"}],"author":[{"embeddable":true,"href":"https:\/\/www.fuseincol.com\/manizales\/wp-json\/wp\/v2\/users\/1"}],"replies":[{"embeddable":true,"href":"https:\/\/www.fuseincol.com\/manizales\/wp-json\/wp\/v2\/comments?post=723"}],"version-history":[{"count":10,"href":"https:\/\/www.fuseincol.com\/manizales\/wp-json\/wp\/v2\/pages\/723\/revisions"}],"predecessor-version":[{"id":1034,"href":"https:\/\/www.fuseincol.com\/manizales\/wp-json\/wp\/v2\/pages\/723\/revisions\/1034"}],"wp:attachment":[{"href":"https:\/\/www.fuseincol.com\/manizales\/wp-json\/wp\/v2\/media?parent=723"}],"curies":[{"name":"wp","href":"https:\/\/api.w.org\/{rel}","templated":true}]}}