{"id":745,"date":"2019-08-17T18:44:49","date_gmt":"2019-08-17T16:44:49","guid":{"rendered":"http:\/\/estrategiascomercialesweb.com\/ip\/fuseincol\/?page_id=745"},"modified":"2020-05-19T09:57:02","modified_gmt":"2020-05-19T14:57:02","slug":"capacitacion-en-manejo-de-extintores","status":"publish","type":"page","link":"https:\/\/www.fuseincol.com\/manizales\/capacitacion-en-manejo-de-extintores\/","title":{"rendered":"Capacitaci\u00f3n en manejo de Extintores"},"content":{"rendered":"<p>[vc_row content_placement=\u00bbmiddle\u00bb css=\u00bb.vc_custom_1566059625642{padding-top: 70px !important;padding-bottom: 70px !important;}\u00bb][vc_column width=\u00bb1\/2&#8243;][vc_column_text]<\/p>\n<p><img loading=\"lazy\" class=\"alignnone size-medium wp-image-708\" src=\"\/wp-content\/uploads\/2019\/08\/Capacitaci\u00f3n-en-manejo-de-Extintores.jpg\" alt=\"\" width=\"100%\" height=\"NaN\" \/><\/p>\n<p>[\/vc_column_text][\/vc_column][vc_column width=\u00bb1\/2&#8243;][vc_column_text]<\/p>\n<p class=\"text-xlg text-bold text-title color-red\" style=\"margin-top: 0px;\">Capacitaci\u00f3n en manejo de Extintores<\/p>\n<p>[\/vc_column_text][vc_column_text]<\/p>\n<p style=\"text-align: justify;\">Prestamos el servicio de capacitaci\u00f3n en manejo de extintores, en esta capacitaci\u00f3n se manejan temas de vital importancia para las empresas como la teor\u00eda del fuego, tipos de fuegos, clasificaci\u00f3n de los extintores, tipos de extintores, composici\u00f3n del extintor, ubicaci\u00f3n de los extintores, tipos de extintores, uso de los extintores, y simulacro de accionamiento de extintores.<\/p>\n<p style=\"text-align: justify;\"><strong>Este Servicio esta sugeto a terminos y condiciones.<\/strong><\/p>\n<p>[\/vc_column_text][vc_column_text css=\u00bb.vc_custom_1589900217610{padding-top: 10px !important;}\u00bb]<a class=\"button bg-blue color-white\" href=\"https:\/\/api.whatsapp.com\/send?phone=+573174041143&amp;&amp;text=Hola,%20tengo%20una%20nueva%20solicitud%20de%20servicio\" target=\"_blank\" rel=\"noopener noreferrer\">Cont\u00e1ctenos<\/a>[\/vc_column_text][\/vc_column][\/vc_row]<\/p>\n","protected":false},"excerpt":{"rendered":"<p>[vc_row content_placement=\u00bbmiddle\u00bb css=\u00bb.vc_custom_1566059625642{padding-top: 70px !important;padding-bottom: 70px !important;}\u00bb][vc_column width=\u00bb1\/2&#8243;][vc_column_text] [\/vc_column_text][\/vc_column][vc_column width=\u00bb1\/2&#8243;][vc_column_text] Capacitaci\u00f3n en manejo de Extintores [\/vc_column_text][vc_column_text] Prestamos el servicio de&#8230;<\/p>\n","protected":false},"author":1,"featured_media":0,"parent":0,"menu_order":0,"comment_status":"closed","ping_status":"closed","template":"","meta":[],"_links":{"self":[{"href":"https:\/\/www.fuseincol.com\/manizales\/wp-json\/wp\/v2\/pages\/745"}],"collection":[{"href":"https:\/\/www.fuseincol.com\/manizales\/wp-json\/wp\/v2\/pages"}],"about":[{"href":"https:\/\/www.fuseincol.com\/manizales\/wp-json\/wp\/v2\/types\/page"}],"author":[{"embeddable":true,"href":"https:\/\/www.fuseincol.com\/manizales\/wp-json\/wp\/v2\/users\/1"}],"replies":[{"embeddable":true,"href":"https:\/\/www.fuseincol.com\/manizales\/wp-json\/wp\/v2\/comments?post=745"}],"version-history":[{"count":5,"href":"https:\/\/www.fuseincol.com\/manizales\/wp-json\/wp\/v2\/pages\/745\/revisions"}],"predecessor-version":[{"id":1014,"href":"https:\/\/www.fuseincol.com\/manizales\/wp-json\/wp\/v2\/pages\/745\/revisions\/1014"}],"wp:attachment":[{"href":"https:\/\/www.fuseincol.com\/manizales\/wp-json\/wp\/v2\/media?parent=745"}],"curies":[{"name":"wp","href":"https:\/\/api.w.org\/{rel}","templated":true}]}}