{"id":783,"date":"2019-08-17T19:09:40","date_gmt":"2019-08-17T17:09:40","guid":{"rendered":"http:\/\/estrategiascomercialesweb.com\/ip\/fuseincol\/?page_id=783"},"modified":"2019-08-17T19:27:23","modified_gmt":"2019-08-17T17:27:23","slug":"preguntas-frecuentes","status":"publish","type":"page","link":"https:\/\/www.fuseincol.com\/manizales\/preguntas-frecuentes\/","title":{"rendered":"Preguntas Frecuentes"},"content":{"rendered":"<p>[vc_row content_placement=\u00bbmiddle\u00bb css=\u00bb.vc_custom_1566062185179{padding-top: 70px !important;}\u00bb][vc_column width=\u00bb1\/2&#8243;][vc_toggle title=\u00bb\u00bfQu\u00e9 es un incendio? \u00bb open=\u00bbtrue\u00bb el_id=\u00bb1566061802088-cfed95c0-af22&#8243;]<\/p>\n<p style=\"text-align: justify;\">Un incendio es un fuego de grandes proporciones que se desarrolla sin control, aproximadamente entre 18 y 24 segundos , el cual puede presentarse de manera instant\u00e1nea o gradual, pudiendo provocar da\u00f1os materiales, interrupci\u00f3n de los procesos de producci\u00f3n, p\u00e9rdida de vidas humanas y afectaci\u00f3n al ambiente.<\/p>\n<p>[\/vc_toggle][vc_toggle title=\u00bb\u00bfCu\u00e1les son los extintores de incendios? \u00bb open=\u00bbtrue\u00bb el_id=\u00bb1566062082299-84769149-bb1a\u00bb]<\/p>\n<p style=\"text-align: justify;\">Un extintor de incendios es un vaso contenedor que porta un agente extintor del fuego, el cual puede ser proyectado y dirigido sobre el fuego por la acci\u00f3n de una presi\u00f3n interna, destinado a sofocar un fuego , eliminando unas de las l\u00edneas del tri\u00e1ngulo del fuego o tetraedro del fuego, control\u00e1ndolo hasta la llegada de personal especializado, nunca deben utilizarse para fuegos muy grandes.<\/p>\n<p>[\/vc_toggle][vc_toggle title=\u00bb\u00bfCu\u00e1les son los tipos de fuego?\u00bb open=\u00bbtrue\u00bb el_id=\u00bb1566061908855-b37a01a0-ac5d\u00bb]<\/p>\n<p style=\"text-align: justify;\">Se denominan fuegos de clase A los que se producen en combustibles s\u00f3lidos que producen brasas, por ejemplo: papel, cart\u00f3n, madera, pl\u00e1sticos, etc. L\u00cdQUIDOS INFLAMABLES. Se denominan fuegos de clase B los que se producen en combustibles l\u00edquidos, por ejemplo: aceites vegetales, derivados del petr\u00f3leo, etc, se denominan fuegos de clase c los ocasionados por equipos electr\u00f3nicos conectados e instalaciones el\u00e9ctricas.<\/p>\n<p>[\/vc_toggle][vc_toggle title=\u00bb\u00bfQu\u00e9 son los extintores de co2? \u00bb open=\u00bbtrue\u00bb el_id=\u00bb1566061932260-07c54717-fe03&#8243;]<\/p>\n<p style=\"text-align: justify;\">El di\u00f3xido de carbono o co2 es un gas que tiene una serie de propiedades que lo hacen perfecto para la extinci\u00f3n de incendios. El CO2 es un gas muy frio que no es combustible y que no reacciona qu\u00edmicamente con otras sustancias por lo que puede ser utilizado para apagar una gran cantidad de tipos de fuego , no deja residuos ni part\u00edculas ni corroe las superficies.<\/p>\n<p>[\/vc_toggle][vc_toggle title=\u00bb\u00bfCu\u00e1les son los extintores de incendios? \u00bb open=\u00bbtrue\u00bb el_id=\u00bb1566061954768-4c493b2e-2f59&#8243;]<\/p>\n<p style=\"text-align: justify;\">Un extintor de incendios es un vaso contenedor que porta un agente extintor del fuego, el cual puede ser proyectado y dirigido sobre el fuego por la acci\u00f3n de una presi\u00f3n interna, destinado a sofocar un fuego , eliminando unas de las l\u00edneas del tri\u00e1ngulo del fuego o tetraedro del fuego, control\u00e1ndolo hasta la llegada de personal especializado, nunca deben utilizarse para fuegos muy grandes.<\/p>\n<p>[\/vc_toggle][\/vc_column][vc_column width=\u00bb1\/2&#8243;][vc_toggle title=\u00bb\u00bfCu\u00e1les son los extintores port\u00e1tiles? \u00bb open=\u00bbtrue\u00bb el_id=\u00bb1566061890655-ed216603-7d1f\u00bb]<\/p>\n<p style=\"text-align: justify;\">Los extintores port\u00e1tiles son aparatos o herramientas de accionamiento manual que permiten proyectar y dirigir un agente extintor sobre el fuego. Se diferencian unos de otros en atenci\u00f3n de una serie de caracter\u00edsticas como agente extintor contenido, sistemas de funcionamiento, eficacia, tiempo de descarga y alcance.<\/p>\n<p>[\/vc_toggle][vc_toggle title=\u00bb\u00bfCu\u00e1l es el agente de un extintor? \u00bb open=\u00bbtrue\u00bb el_id=\u00bb1566062060136-7cd24193-c313&#8243;]<\/p>\n<p style=\"text-align: justify;\">Son agentes extintores que act\u00faan en la extinci\u00f3n de fuegos como paralizadores de la reacci\u00f3n en cadena. Tales compuestos resultan muy eficaces contra fuegos el\u00e9ctricos y son aceptables para fuegos de clase \u00abA\u00bb y \u00abB\u00bb. \u2026agente extintor seg\u00fan la clase de fuego.<\/p>\n<p>[\/vc_toggle][vc_toggle title=\u00bb\u00bfCu\u00e1les son los tipos de fuego?\u00bb open=\u00bbtrue\u00bb el_id=\u00bb1566062103138-adfffedd-0d7e\u00bb]<\/p>\n<p style=\"text-align: justify;\">Se denominan fuegos de clase A los que se producen en combustibles s\u00f3lidos que producen brasas, por ejemplo: papel, cart\u00f3n, madera, pl\u00e1sticos, etc. L\u00cdQUIDOS INFLAMABLES. Se denominan fuegos de clase B los que se producen en combustibles l\u00edquidos, por ejemplo: aceites vegetales, derivados del petr\u00f3leo, etc, se denominan fuegos de clase c los ocasionados por equipos electr\u00f3nicos conectados e instalaciones el\u00e9ctricas.<\/p>\n<p>[\/vc_toggle][vc_toggle title=\u00bb\u00bfCu\u00e1les son los extintores tipo K? \u00bb open=\u00bbtrue\u00bb el_id=\u00bb1566062119080-7b7ec1e7-298b\u00bb]<\/p>\n<p style=\"text-align: justify;\">El \u00danico extintor fabricado para proteger cocinas de restaurantes de fuegos Clase K, de l\u00edquidos, grasas y aceites comestibles. Estos modernos extintores, cuyo agente extintor es a base de acetato de Potasio, tienen certificaci\u00f3n de Underwriters Laboratories (UL) para la extinci\u00f3n de fuegos clase K.<\/p>\n<p>[\/vc_toggle][\/vc_column][\/vc_row][vc_row css=\u00bb.vc_custom_1566062505952{padding-top: 25px !important;padding-bottom: 35px !important;}\u00bb][vc_column][vc_separator css=\u00bb.vc_custom_1566062196663{padding-top: 30px !important;padding-bottom: 30px !important;}\u00bb][\/vc_column][\/vc_row][vc_row content_placement=\u00bbmiddle\u00bb][vc_column][vc_column_text css=\u00bb.vc_custom_1566062531331{padding-bottom: 25px !important;}\u00bb]<\/p>\n<p class=\"text-xlg text-bold text-title color-red\" style=\"margin-top: 0px; text-align: center;\">Como clasifico mi nivel de riesgo<br \/>\npara instalar los extintores<\/p>\n<p>[\/vc_column_text][vc_row_inner][vc_column_inner width=\u00bb1\/3&#8243;][vc_column_text]<\/p>\n<p style=\"text-align: justify;\"><strong>Riesgo Ordinario (moderado).<\/strong><\/p>\n<p style=\"text-align: justify;\">Lugares donde la cantidad total de combustible de clase A e inflamables de clase B est\u00e1n presentes en una proporci\u00f3n mayor que la esperada en lugares con riesgo menor (bajo). Estos lugares podr\u00edan consistir en sitios donde la cantidad de materiales combustibles de la clase A son un poco mayores de los normalmente esperado o donde la cantidad de inflamables clase B almacenados sea de 1 gal a 5 gal (3.8 L a 18.9 L).<\/p>\n<p style=\"text-align: justify;\">Pueden incluirse oficinas, salones de clase, tiendas de mercanc\u00eda y almacenamiento, manufactura ligera, salones de exhibici\u00f3n de autos, parqueaderos, taller o mantenimiento de \u00e1reas de servicio de lugares de riesgo menor (bajo) y dep\u00f3sitos con mercanc\u00edas de clase I o clase II.[\/vc_column_text][\/vc_column_inner][vc_column_inner width=\u00bb1\/3&#8243;][vc_column_text]<\/p>\n<p style=\"text-align: justify;\"><strong>Riesgo Leve (bajo).<\/strong><\/p>\n<p style=\"text-align: justify;\">Lugares donde el total de materiales combustibles de clase A y clase B es bajo y se espera que el fuego alcance una liberaci\u00f3n de calor relativamente baja. Lugares donde todos los materiales combustibles de clase A que incluyen muebles, decoraciones y contenidos, est\u00e1n en bajas cantidades. Estos pueden incluir edificios o cuartos ocupados como oficinas, salones de clase, iglesias, salones de asambleas.<\/p>\n<p style=\"text-align: justify;\">Est\u00e1n incluidos tambi\u00e9n peque\u00f1as cantidades de inflamables de la clase B utilizados para m\u00e1quinas copiadoras, departamentos de arte, etc., siempre que se mantengan en envases sellados y est\u00e9n almacenados en forma segura en cantidades menores a un gal\u00f3n o 3.8 L.<\/p>\n<p>[\/vc_column_text][\/vc_column_inner][vc_column_inner width=\u00bb1\/3&#8243;][vc_column_text]<\/p>\n<p style=\"text-align: justify;\"><strong>Riesgo Extraordinario (Alto). <\/strong><\/p>\n<p style=\"text-align: justify;\">Lugares donde la cantidad total de combustible de clase A e inflamables de clase B est\u00e1n presentes, en almacenamiento, en producci\u00f3n y\/o como productos terminados, en cantidades sobre y por encima de aquellos esperados y clasificados como riesgos ordinarios (moderados) almacenamiento de l\u00edquidos inflamables en una cantidad mayor que 5 gal (18.9 L).<\/p>\n<p style=\"text-align: justify;\">Estos podr\u00edan consistir en talleres de carpinter\u00eda, reparaci\u00f3n de veh\u00edculos, reparaci\u00f3n de aeroplanos y buques, centro de convenciones, de exhibiciones de productos, dep\u00f3sitos y procesos de fabricaci\u00f3n tales como: pintura, revestimiento, inmersi\u00f3n, incluyendo manipulaci\u00f3n de l\u00edquidos inflamables. Tambi\u00e9n est\u00e1 incluido el almacenamiento de mercanc\u00edas en proceso de dep\u00f3sito diferentes a la clase I y clase II.<\/p>\n<p>[\/vc_column_text][\/vc_column_inner][\/vc_row_inner][\/vc_column][\/vc_row]<\/p>\n","protected":false},"excerpt":{"rendered":"<p>[vc_row content_placement=\u00bbmiddle\u00bb css=\u00bb.vc_custom_1566062185179{padding-top: 70px !important;}\u00bb][vc_column width=\u00bb1\/2&#8243;][vc_toggle title=\u00bb\u00bfQu\u00e9 es un incendio? \u00bb open=\u00bbtrue\u00bb el_id=\u00bb1566061802088-cfed95c0-af22&#8243;] Un incendio es un fuego de grandes&#8230;<\/p>\n","protected":false},"author":1,"featured_media":0,"parent":0,"menu_order":0,"comment_status":"closed","ping_status":"closed","template":"","meta":[],"_links":{"self":[{"href":"https:\/\/www.fuseincol.com\/manizales\/wp-json\/wp\/v2\/pages\/783"}],"collection":[{"href":"https:\/\/www.fuseincol.com\/manizales\/wp-json\/wp\/v2\/pages"}],"about":[{"href":"https:\/\/www.fuseincol.com\/manizales\/wp-json\/wp\/v2\/types\/page"}],"author":[{"embeddable":true,"href":"https:\/\/www.fuseincol.com\/manizales\/wp-json\/wp\/v2\/users\/1"}],"replies":[{"embeddable":true,"href":"https:\/\/www.fuseincol.com\/manizales\/wp-json\/wp\/v2\/comments?post=783"}],"version-history":[{"count":17,"href":"https:\/\/www.fuseincol.com\/manizales\/wp-json\/wp\/v2\/pages\/783\/revisions"}],"predecessor-version":[{"id":800,"href":"https:\/\/www.fuseincol.com\/manizales\/wp-json\/wp\/v2\/pages\/783\/revisions\/800"}],"wp:attachment":[{"href":"https:\/\/www.fuseincol.com\/manizales\/wp-json\/wp\/v2\/media?parent=783"}],"curies":[{"name":"wp","href":"https:\/\/api.w.org\/{rel}","templated":true}]}}