{"id":149,"date":"2019-07-18T15:43:14","date_gmt":"2019-07-18T13:43:14","guid":{"rendered":"https:\/\/www.rinrinrecreacion.com.co\/web\/?page_id=149"},"modified":"2021-10-22T16:38:27","modified_gmt":"2021-10-22T21:38:27","slug":"fumigacion-y-control-de-plagas","status":"publish","type":"page","link":"https:\/\/www.fuseincol.com\/rionegro\/fumigacion-y-control-de-plagas\/","title":{"rendered":"Fumigaci\u00f3n y control de plagas"},"content":{"rendered":"<p>[vc_row content_placement=\u00bbmiddle\u00bb css=\u00bb.vc_custom_1565985555154{padding-top: 70px !important;}\u00bb][vc_column width=\u00bb2\/3&#8243;][vc_column_text]<\/p>\n<h1 class=\"text-xlg text-bold text-title color-red\" style=\"margin-top: 0px;\">Fumigaci\u00f3n y Control de roedores, ratas y ratones Rionegro<\/h1>\n<p>[\/vc_column_text][vc_column_text]<\/p>\n<p style=\"text-align: justify;\">Constituyen uno de los grupos de mam\u00edferos m\u00e1s fecundos y numerosos de la tierra, el orden Rodentia abarca aproximadamente 1700 especies de las cuales se consideran que al menos el 10 % de las especies tienen importancia econ\u00f3mica y sanitaria. A continuaci\u00f3n se describir\u00e1n breve mente las tres principales especies de roedores plagas potencialmente peligrosas para el hombre.<\/p>\n<p>[\/vc_column_text][vc_column_text css=\u00bb.vc_custom_1589903386920{padding-top: 10px !important;}\u00bb]<\/p>\n<p><a class=\"button bg-blue color-white\" href=\"https:\/\/api.whatsapp.com\/send?phone=+573174041143&amp;&amp;text=Hola,%20tengo%20una%20nueva%20solicitud%20de%20servicio\" target=\"_blank\" rel=\"noopener noreferrer\">Cont\u00e1ctenos<\/a><\/p>\n<p>[\/vc_column_text][vc_row_inner][vc_column_inner width=\u00bb1\/4&#8243;][vc_column_text]<\/p>\n<h1 style=\"font-size: 10pt; font-weight: 400 !important; text-align: center;\">Control de Ratas, ratones Rionegro<\/h1>\n<p>[\/vc_column_text][\/vc_column_inner][vc_column_inner width=\u00bb1\/4&#8243;][vc_column_text]<\/p>\n<h1 style=\"font-size: 9pt; font-weight: 400 !important; text-align: center;\">Fumigaci\u00f3n de Ratas, ratones Rionegro<\/h1>\n<p>[\/vc_column_text][\/vc_column_inner][vc_column_inner width=\u00bb1\/4&#8243;][vc_column_text]<\/p>\n<h1 style=\"font-size: 10pt; font-weight: 400 !important; text-align: center;\">Control de Roedores Rionegro<\/h1>\n<p>[\/vc_column_text][\/vc_column_inner][vc_column_inner width=\u00bb1\/4&#8243;][vc_column_text]<\/p>\n<h1 style=\"font-size: 10pt; font-weight: 400 !important; text-align: center;\">Fumigaci\u00f3n de Roedores Rionegro<\/h1>\n<p>[\/vc_column_text][\/vc_column_inner][\/vc_row_inner][\/vc_column][vc_column width=\u00bb1\/3&#8243;][vc_column_text]<img style=\"max-width: 100%;\" src=\"\/wp-content\/uploads\/2019\/08\/Ratoncito.png\" alt=\"\" \/>[\/vc_column_text][\/vc_column][\/vc_row][vc_row css=\u00bb.vc_custom_1565985550464{padding-top: 30px !important;padding-bottom: 30px !important;}\u00bb][vc_column][vc_separator css=\u00bb.vc_custom_1565985364735{padding-top: 35px !important;padding-bottom: 35px !important;}\u00bb][\/vc_column][\/vc_row][vc_row content_placement=\u00bbmiddle\u00bb][vc_column width=\u00bb1\/3&#8243;][vc_column_text]<img style=\"max-width: 100%;\" src=\"\/wp-content\/uploads\/2019\/08\/cucarachas.png\" alt=\"\" \/>[\/vc_column_text][\/vc_column][vc_column width=\u00bb2\/3&#8243;][vc_column_text]<\/p>\n<h1 class=\"text-xlg text-bold text-title color-red\" style=\"margin-top: 0px;\">Fumigaci\u00f3n y control de cucarachas Rionegro<\/h1>\n<p>[\/vc_column_text][vc_column_text]<\/p>\n<p style=\"text-align: justify;\">Son insectos del Orden Dictyoptera, de origen tropical y subtropical y se estima que ya exist\u00edan hace m\u00e1s de 300 millones de a\u00f1os. Son especies de gran capacidad de adaptaci\u00f3n, de cuerpo achatado, con largas antenas y dos pares de alas, pero no todas tienen la capacidad de volar. Especies de metamorfosis incompleta (huevo, ninfa y adulto), producen los huevos agrupados en una estructura quitinosa llamada ooteca. De esta eclosionan las ninfas, muy similares a los adultos, que luego de mudas sucesivas llegan a adulto. Se han identificado cerca de 3.500 especies diferentes en el mundo, sin embargo, desde el punto de vista sanitario el 1% representa inter\u00e9s para el hombre.<\/p>\n<p>[\/vc_column_text][vc_column_text css=\u00bb.vc_custom_1589898722836{padding-top: 10px !important;}\u00bb]<a class=\"button bg-blue color-white\" href=\"https:\/\/api.whatsapp.com\/send?phone=+573174041143&amp;&amp;text=Hola,%20tengo%20una%20nueva%20solicitud%20de%20servicio\" target=\"_blank\" rel=\"noopener noreferrer\">Cont\u00e1ctenos<\/a>[\/vc_column_text][vc_row_inner][vc_column_inner width=\u00bb1\/2&#8243;][vc_column_text]<\/p>\n<h1 style=\"font-size: 10pt; font-weight: 400 !important; text-align: center;\">Fumigaci\u00f3n de Cucarachas Rionegro<\/h1>\n<p>[\/vc_column_text][\/vc_column_inner][vc_column_inner width=\u00bb1\/2&#8243;][vc_column_text]<\/p>\n<h1 style=\"font-size: 10pt; font-weight: 400 !important; text-align: center;\">Control de Cucarachas Rionegro<\/h1>\n<p>[\/vc_column_text][\/vc_column_inner][\/vc_row_inner][\/vc_column][\/vc_row][vc_row css=\u00bb.vc_custom_1565985568823{padding-top: 30px !important;padding-bottom: 30px !important;}\u00bb][vc_column][vc_separator css=\u00bb.vc_custom_1565985364735{padding-top: 35px !important;padding-bottom: 35px !important;}\u00bb][\/vc_column][\/vc_row][vc_row content_placement=\u00bbmiddle\u00bb][vc_column width=\u00bb2\/3&#8243;][vc_column_text]<\/p>\n<h1 class=\"text-xlg text-bold text-title color-red\" style=\"margin-top: 0px;\">Fumigaci\u00f3n y Control de moscas Rionegro<\/h1>\n<p>[\/vc_column_text][vc_column_text]<\/p>\n<p style=\"text-align: justify;\">Es una plaga en todo el mundo, esta mosca recibi\u00f3 su nombre com\u00fan de ser la m\u00e1s com\u00fan dentro y en los alrededores de las casas. Es omn\u00edvora, puede alimentarse de grasas, prote\u00ednas y azucares, por consiguiente<\/p>\n<p style=\"text-align: justify;\">Cualquier alimento que sea utilizado en nutrici\u00f3n animal o alimentaci\u00f3n humana sirve de alimento para estos insectos. Lo m\u00e1s importante en cuanto a la presencia de esta mosca es la transmisi\u00f3n mec\u00e1nica de virus, bacterias y hongos.<\/p>\n<p>[\/vc_column_text][vc_column_text css=\u00bb.vc_custom_1589898730051{padding-top: 10px !important;}\u00bb]<a class=\"button bg-blue color-white\" href=\"https:\/\/api.whatsapp.com\/send?phone=+573174041143&amp;&amp;text=Hola,%20tengo%20una%20nueva%20solicitud%20de%20servicio\" target=\"_blank\" rel=\"noopener noreferrer\">Cont\u00e1ctenos<\/a>[\/vc_column_text][vc_row_inner][vc_column_inner width=\u00bb1\/2&#8243;][vc_column_text]<\/p>\n<h1 style=\"font-size: 10pt; font-weight: 400 !important; text-align: center;\">Fumigaci\u00f3n de Moscas Rionegro<\/h1>\n<p>[\/vc_column_text][\/vc_column_inner][vc_column_inner width=\u00bb1\/2&#8243;][vc_column_text]<\/p>\n<h1 style=\"font-size: 10pt; font-weight: 400 !important; text-align: center;\">Control de Moscas Rionegro<\/h1>\n<p>[\/vc_column_text][\/vc_column_inner][\/vc_row_inner][\/vc_column][vc_column width=\u00bb1\/3&#8243;][vc_column_text]<img style=\"max-width: 100%;\" src=\"\/wp-content\/uploads\/2019\/08\/Moscas.png\" alt=\"\" \/>[\/vc_column_text][\/vc_column][\/vc_row][vc_row css=\u00bb.vc_custom_1565985568823{padding-top: 30px !important;padding-bottom: 30px !important;}\u00bb][vc_column][vc_separator css=\u00bb.vc_custom_1565985364735{padding-top: 35px !important;padding-bottom: 35px !important;}\u00bb][\/vc_column][\/vc_row][vc_row content_placement=\u00bbmiddle\u00bb][vc_column width=\u00bb1\/3&#8243;][vc_column_text]<img style=\"max-width: 100%;\" src=\"\/wp-content\/uploads\/2019\/08\/Hormigas.png\" alt=\"\" \/>[\/vc_column_text][\/vc_column][vc_column width=\u00bb2\/3&#8243;][vc_column_text]<\/p>\n<h1 class=\"text-xlg text-bold text-title color-red\" style=\"margin-top: 0px;\">Fumigaci\u00f3n y Control de hormigas Rionegro<\/h1>\n<p>[\/vc_column_text][vc_column_text]<\/p>\n<p style=\"text-align: justify;\">Para el manejo y control de la hormiga arriera se debe implementar un plan de acci\u00f3n que permita prevenir la formaci\u00f3n de nuevos hormigueros y el control o erradicaci\u00f3n de los presentes a trav\u00e9s del ataque hacia la reina, el hongo y las hormigas. Para lograr este objetivo hay que hacer lo siguiente&#8230;<\/p>\n<p>[\/vc_column_text][vc_column_text css=\u00bb.vc_custom_1589898736980{padding-top: 10px !important;}\u00bb]<a class=\"button bg-blue color-white\" href=\"https:\/\/api.whatsapp.com\/send?phone=+573174041143&amp;&amp;text=Hola,%20tengo%20una%20nueva%20solicitud%20de%20servicio\" target=\"_blank\" rel=\"noopener noreferrer\">Cont\u00e1ctenos<\/a>[\/vc_column_text][vc_row_inner][vc_column_inner width=\u00bb1\/2&#8243;][vc_column_text]<\/p>\n<h1 style=\"font-size: 10pt; font-weight: 400 !important; text-align: center;\">Fumigaci\u00f3n de Hormigas Rionegro<\/h1>\n<p>[\/vc_column_text][\/vc_column_inner][vc_column_inner width=\u00bb1\/2&#8243;][vc_column_text]<\/p>\n<h1 style=\"font-size: 10pt; font-weight: 400 !important; text-align: center;\">Control de Hormigas Rionegro<\/h1>\n<p>[\/vc_column_text][\/vc_column_inner][\/vc_row_inner][\/vc_column][\/vc_row][vc_row css=\u00bb.vc_custom_1565985568823{padding-top: 30px !important;padding-bottom: 30px !important;}\u00bb][vc_column][vc_separator css=\u00bb.vc_custom_1565985364735{padding-top: 35px !important;padding-bottom: 35px !important;}\u00bb][\/vc_column][\/vc_row][vc_row content_placement=\u00bbmiddle\u00bb][vc_column width=\u00bb2\/3&#8243;][vc_column_text]<\/p>\n<h1 class=\"text-xlg text-bold text-title color-red\" style=\"margin-top: 0px;\">Fumigaci\u00f3n y control de mosquitos en Rionegro<\/h1>\n<p>[\/vc_column_text][vc_column_text]<\/p>\n<p style=\"text-align: justify;\">Se encuentran desde los tr\u00f3picos hasta las regiones \u00e1rticas. Son el \u00fanico medio conocido de transmisi\u00f3n natural de los agentes de la malaria, la fiebre amarilla, algunos tipos de encefalitis y dengue. Se consideran tambi\u00e9n plaga por la molestia de sus picaduras a las personas. Existen alrededor de 3.000 especies de mosquitos.<\/p>\n<p>[\/vc_column_text][vc_column_text css=\u00bb.vc_custom_1589898744875{padding-top: 10px !important;}\u00bb]<a class=\"button bg-blue color-white\" href=\"https:\/\/api.whatsapp.com\/send?phone=+573174041143&amp;&amp;text=Hola,%20tengo%20una%20nueva%20solicitud%20de%20servicio\" target=\"_blank\" rel=\"noopener noreferrer\">Cont\u00e1ctenos<\/a>[\/vc_column_text][vc_row_inner][vc_column_inner width=\u00bb1\/4&#8243;][vc_column_text]<\/p>\n<h1 style=\"font-size: 9pt; font-weight: 400 !important; text-align: center;\">Fumigaci\u00f3n de Zancudos Rionegro<\/h1>\n<p>[\/vc_column_text][\/vc_column_inner][vc_column_inner width=\u00bb1\/4&#8243;][vc_column_text]<\/p>\n<h1 style=\"font-size: 9pt; font-weight: 400 !important; text-align: center;\">Control de Zancudos Rionegro<\/h1>\n<p>[\/vc_column_text][\/vc_column_inner][vc_column_inner width=\u00bb1\/4&#8243;][vc_column_text]<\/p>\n<h1 style=\"font-size: 9pt; font-weight: 400 !important; text-align: center;\">Fumigaci\u00f3n de Mosquitos Rionegro<\/h1>\n<p>[\/vc_column_text][\/vc_column_inner][vc_column_inner width=\u00bb1\/4&#8243;][vc_column_text]<\/p>\n<h1 style=\"font-size: 9pt; font-weight: 400 !important; text-align: center;\">Control de Mosquitos Rionegro<\/h1>\n<p>[\/vc_column_text][\/vc_column_inner][\/vc_row_inner][\/vc_column][vc_column width=\u00bb1\/3&#8243;][vc_column_text]<img style=\"max-width: 100%;\" src=\"\/wp-content\/uploads\/2019\/08\/Mosquito.png\" alt=\"\" \/>[\/vc_column_text][\/vc_column][\/vc_row][vc_row css=\u00bb.vc_custom_1565985568823{padding-top: 30px !important;padding-bottom: 30px !important;}\u00bb][vc_column][vc_separator css=\u00bb.vc_custom_1565985364735{padding-top: 35px !important;padding-bottom: 35px !important;}\u00bb][\/vc_column][\/vc_row][vc_row content_placement=\u00bbmiddle\u00bb][vc_column width=\u00bb1\/3&#8243;][vc_column_text]<img style=\"max-width: 100%;\" src=\"\/wp-content\/uploads\/2019\/08\/Gorgojo.png\" alt=\"\" \/>[\/vc_column_text][\/vc_column][vc_column width=\u00bb2\/3&#8243;][vc_column_text]<\/p>\n<h1 class=\"text-xlg text-bold text-title color-red\" style=\"margin-top: 0px;\">Fumigaci\u00f3n y Control de gorgojo en Rionegro<\/h1>\n<p>[\/vc_column_text][vc_column_text]<\/p>\n<p style=\"text-align: justify;\">El gorgojo son escarabajos de la familia Curculionidae, la cual posee 40.000 especies distintas y diferentes colores, estructuras y tama\u00f1os (aproximadamente 1.5 a 35 mm).<\/p>\n<p style=\"text-align: justify;\">Todos los individuos adultos presentan un aparato de tipo masticador en el extremo de una larga prob\u00f3scide. Son animales fit\u00f3fagos, se alimentan de materia vegetal, viva o muerta.<\/p>\n<p>[\/vc_column_text][vc_column_text css=\u00bb.vc_custom_1589903689379{padding-top: 10px !important;}\u00bb]<a class=\"button bg-blue color-white\" href=\"https:\/\/api.whatsapp.com\/send?phone=+573174041143&amp;&amp;text=Hola,%20tengo%20una%20nueva%20solicitud%20de%20servicio\" target=\"_blank\" rel=\"noopener noreferrer\">Cont\u00e1ctenos<\/a>[\/vc_column_text][vc_row_inner][vc_column_inner width=\u00bb1\/2&#8243;][vc_column_text]<\/p>\n<h1 style=\"font-size: 11pt; font-weight: 400 !important; text-align: center;\">Fumigaci\u00f3n de Gorgojo Rionegro<\/h1>\n<p>[\/vc_column_text][\/vc_column_inner][vc_column_inner width=\u00bb1\/2&#8243;][vc_column_text]<\/p>\n<h1 style=\"font-size: 11pt; font-weight: 400 !important; text-align: center;\">Control de Gorgojo Rionegro<\/h1>\n<p>[\/vc_column_text][\/vc_column_inner][\/vc_row_inner][\/vc_column][\/vc_row][vc_row css=\u00bb.vc_custom_1565985568823{padding-top: 30px !important;padding-bottom: 30px !important;}\u00bb][vc_column][vc_separator css=\u00bb.vc_custom_1565985364735{padding-top: 35px !important;padding-bottom: 35px !important;}\u00bb][\/vc_column][\/vc_row][vc_row content_placement=\u00bbmiddle\u00bb][vc_column width=\u00bb2\/3&#8243;][vc_column_text]<\/p>\n<h1 class=\"text-xlg text-bold text-title color-red\" style=\"margin-top: 0px;\">Fumigaci\u00f3n y control de garrapatas en Rionegro<\/h1>\n<p>[\/vc_column_text][vc_column_text]<\/p>\n<p style=\"text-align: justify;\">Las garrapatas son ar\u00e1cnidos ectopar\u00e1sitos hemat\u00f3fagos (se alimentan de sangre) generalmente de grandes animales (mam\u00edferos, aves y reptiles) y es el acaro de mayor tama\u00f1o. Presentan un dimorfismo sexual, donde el macho puede ser confundido con fases juveniles, a diferencia de la hembra, la cual es similar a una lenteja; El macho m\u00e1s oscuro que la hembra, debido a que se encuentra cubierto por un escudo. En estado de adulto poseen 4 pares de patas y en estado juvenil solo 3.<\/p>\n<p>[\/vc_column_text][vc_column_text css=\u00bb.vc_custom_1589898759700{padding-top: 10px !important;}\u00bb]<a class=\"button bg-blue color-white\" href=\"https:\/\/api.whatsapp.com\/send?phone=+573174041143&amp;&amp;text=Hola,%20tengo%20una%20nueva%20solicitud%20de%20servicio\" target=\"_blank\" rel=\"noopener noreferrer\">Cont\u00e1ctenos<\/a>[\/vc_column_text][\/vc_column][vc_column width=\u00bb1\/3&#8243;][vc_column_text]<img style=\"max-width: 100%;\" src=\"\/wp-content\/uploads\/2019\/08\/garrapatas.png\" alt=\"\" \/>[\/vc_column_text][\/vc_column][\/vc_row][vc_row css=\u00bb.vc_custom_1565985568823{padding-top: 30px !important;padding-bottom: 30px !important;}\u00bb][vc_column][vc_separator css=\u00bb.vc_custom_1565985364735{padding-top: 35px !important;padding-bottom: 35px !important;}\u00bb][\/vc_column][\/vc_row][vc_row content_placement=\u00bbmiddle\u00bb][vc_column width=\u00bb1\/3&#8243;][vc_column_text]<img style=\"max-width: 100%;\" src=\"\/wp-content\/uploads\/2019\/08\/Chinches-de-cama.png\" alt=\"\" \/>[\/vc_column_text][\/vc_column][vc_column width=\u00bb2\/3&#8243;][vc_column_text]<\/p>\n<h1 class=\"text-xlg text-bold text-title color-red\" style=\"margin-top: 0px;\">Fumigaci\u00f3n y Control de chinche de cama Rionegro<\/h1>\n<p>[\/vc_column_text][vc_column_text]<\/p>\n<p style=\"text-align: justify;\">Todos los miembros de la familia de los chinches de cama se alimentan de sangre de aves y mam\u00edferos. Los chinches de cama est\u00e1n activos solamente durante la noche, usualmente antes del amanecer. Durante el d\u00eda se esconden en las grietas y las ranuras de las paredes, el piso, la cama y muebles. Cuando hay pocos chinches de cama presentes, viven cerca del \u00e1rea donde duermen los humanos; cuando son numerosos, pueden ser encontrados en cualquiera de las habitaciones de la casa. Un olor caracter\u00edstico a chinches de cama est\u00e1 frecuentemente presente en los hogares infestados con estos insectos.<\/p>\n<p>[\/vc_column_text][vc_column_text css=\u00bb.vc_custom_1589898766723{padding-top: 10px !important;}\u00bb]<a class=\"button bg-blue color-white\" href=\"https:\/\/api.whatsapp.com\/send?phone=+573174041143&amp;&amp;text=Hola,%20tengo%20una%20nueva%20solicitud%20de%20servicio\" target=\"_blank\" rel=\"noopener noreferrer\">Cont\u00e1ctenos<\/a>[\/vc_column_text][\/vc_column][\/vc_row][vc_row css=\u00bb.vc_custom_1565985568823{padding-top: 30px !important;padding-bottom: 30px !important;}\u00bb][vc_column][vc_separator css=\u00bb.vc_custom_1565985364735{padding-top: 35px !important;padding-bottom: 35px !important;}\u00bb][\/vc_column][\/vc_row][vc_row content_placement=\u00bbmiddle\u00bb css=\u00bb.vc_custom_1565986316995{padding-bottom: 70px !important;}\u00bb][vc_column width=\u00bb2\/3&#8243;][vc_column_text]<\/p>\n<h1 class=\"text-xlg text-bold text-title color-red\" style=\"margin-top: 0px;\">Fumigaci\u00f3n y Control de Termitas Rionegro<\/h1>\n<p>[\/vc_column_text][vc_column_text]<\/p>\n<p style=\"text-align: justify;\">Las termitas se consideran como la plaga de insectos m\u00e1s destructiva del mundo. Muchos edificios y estructuras est\u00e1n da\u00f1ados por estas plagas cada a\u00f1o, lo que tiene como resultado enormes p\u00e9rdidas financieras&#8230;<\/p>\n<p>[\/vc_column_text][vc_column_text css=\u00bb.vc_custom_1589898773282{padding-top: 10px !important;}\u00bb]<a class=\"button bg-blue color-white\" href=\"https:\/\/api.whatsapp.com\/send?phone=+573174041143&amp;&amp;text=Hola,%20tengo%20una%20nueva%20solicitud%20de%20servicio\" target=\"_blank\" rel=\"noopener noreferrer\">Cont\u00e1ctenos<\/a>[\/vc_column_text][\/vc_column][vc_column width=\u00bb1\/3&#8243;][vc_column_text]<img style=\"max-width: 100%;\" src=\"\/wp-content\/uploads\/2019\/08\/Termitas.png\" alt=\"\" \/>[\/vc_column_text][\/vc_column][\/vc_row][vc_row css=\u00bb.vc_custom_1569011113130{padding-top: 50px !important;}\u00bb][vc_column width=\u00bb1\/4&#8243;][vc_column_text]<\/p>\n<h1 style=\"text-align: center;\"><span style=\"font-size: 11pt;\"> Fumigaciones en Rionegro<\/span><\/h1>\n<p>[\/vc_column_text][\/vc_column][vc_column width=\u00bb1\/4&#8243;][vc_column_text]<\/p>\n<h1 style=\"text-align: center;\"><span style=\"font-size: 11pt;\"> Control de Plagas en Rionegro<\/span><\/h1>\n<p>[\/vc_column_text][\/vc_column][vc_column width=\u00bb1\/4&#8243;][vc_column_text]<\/p>\n<h1 style=\"text-align: center;\"><span style=\"font-size: 11pt;\"> Fumigacion de Plagas en Rionegro<\/span><\/h1>\n<p>[\/vc_column_text][\/vc_column][vc_column width=\u00bb1\/4&#8243;][vc_column_text]<\/p>\n<h1 style=\"text-align: center;\"><span style=\"font-size: 11pt;\"> Fumigacion, Control de Ratas en Rionegro<\/span><\/h1>\n<p>[\/vc_column_text][\/vc_column][\/vc_row][vc_row css=\u00bb.vc_custom_1569011119719{padding-bottom: 50px !important;}\u00bb][vc_column width=\u00bb1\/4&#8243;][vc_column_text]<\/p>\n<h1 style=\"text-align: center;\"><span style=\"font-size: 11pt;\"> Fumigacion, Control de Cucarachas en Rionegro<\/span><\/h1>\n<p>[\/vc_column_text][\/vc_column][vc_column width=\u00bb1\/4&#8243;][vc_column_text]<\/p>\n<h1 style=\"text-align: center;\"><span style=\"font-size: 11pt;\"> Fumigacion, Control de Moscas en Rionegro<\/span><\/h1>\n<p>[\/vc_column_text][\/vc_column][vc_column width=\u00bb1\/4&#8243;][vc_column_text]<\/p>\n<h1 style=\"text-align: center;\"><span style=\"font-size: 11pt;\"> Empresas de Fumigacion en Rionegro<\/span><\/h1>\n<p>[\/vc_column_text][\/vc_column][vc_column width=\u00bb1\/4&#8243;][vc_column_text]<\/p>\n<h1 style=\"text-align: center;\"><span style=\"font-size: 11pt;\"> Fumigacion, Control de Zancudos en Rionegro<\/span><\/h1>\n<p>[\/vc_column_text][\/vc_column][\/vc_row]<\/p>\n","protected":false},"excerpt":{"rendered":"<p>[vc_row content_placement=\u00bbmiddle\u00bb css=\u00bb.vc_custom_1565985555154{padding-top: 70px !important;}\u00bb][vc_column width=\u00bb2\/3&#8243;][vc_column_text] Fumigaci\u00f3n y Control de roedores, ratas y ratones Rionegro [\/vc_column_text][vc_column_text] Constituyen uno de los&#8230;<\/p>\n","protected":false},"author":1,"featured_media":0,"parent":0,"menu_order":0,"comment_status":"closed","ping_status":"closed","template":"","meta":[],"_links":{"self":[{"href":"https:\/\/www.fuseincol.com\/rionegro\/wp-json\/wp\/v2\/pages\/149"}],"collection":[{"href":"https:\/\/www.fuseincol.com\/rionegro\/wp-json\/wp\/v2\/pages"}],"about":[{"href":"https:\/\/www.fuseincol.com\/rionegro\/wp-json\/wp\/v2\/types\/page"}],"author":[{"embeddable":true,"href":"https:\/\/www.fuseincol.com\/rionegro\/wp-json\/wp\/v2\/users\/1"}],"replies":[{"embeddable":true,"href":"https:\/\/www.fuseincol.com\/rionegro\/wp-json\/wp\/v2\/comments?post=149"}],"version-history":[{"count":40,"href":"https:\/\/www.fuseincol.com\/rionegro\/wp-json\/wp\/v2\/pages\/149\/revisions"}],"predecessor-version":[{"id":1070,"href":"https:\/\/www.fuseincol.com\/rionegro\/wp-json\/wp\/v2\/pages\/149\/revisions\/1070"}],"wp:attachment":[{"href":"https:\/\/www.fuseincol.com\/rionegro\/wp-json\/wp\/v2\/media?parent=149"}],"curies":[{"name":"wp","href":"https:\/\/api.w.org\/{rel}","templated":true}]}}