{"id":25,"date":"2019-07-18T04:33:16","date_gmt":"2019-07-18T02:33:16","guid":{"rendered":"https:\/\/www.rinrinrecreacion.com.co\/web\/?page_id=25"},"modified":"2020-05-19T09:35:21","modified_gmt":"2020-05-19T14:35:21","slug":"nuestra-empresa","status":"publish","type":"page","link":"https:\/\/www.fuseincol.com\/rionegro\/nuestra-empresa\/","title":{"rendered":"Nuestra empresa"},"content":{"rendered":"<p>[vc_row content_placement=\u00bbmiddle\u00bb css=\u00bb.vc_custom_1565982585056{padding-top: 70px !important;}\u00bb][vc_column width=\u00bb2\/3&#8243;][vc_column_text]<\/p>\n<p class=\"text-xlg text-bold text-title color-red\" style=\"margin-top: 0px;\">Fuseincol S.A.S<\/p>\n<p>[\/vc_column_text][vc_column_text]<\/p>\n<p style=\"text-align: justify;\">Fuseincol S.A.S. Fusi\u00f3n de Servicios Industriales de Colombia, somos una empresa Innovadora de comercializaci\u00f3n de productos y servicios enfocados al sector residencial e industrial de las principales ciudades de Colombia, como sede principal la ciudad de Medell\u00edn y operaciones comerciales en Bucaramanga, Bogot\u00e1, Cali, Barranquilla, Cartagena, Manizales, Armenia, Pereira, Neiva, Ibagu\u00e9, Villavicencio, Tunja, Pasto, C\u00facuta, Sincelejo..<\/p>\n<p style=\"text-align: justify;\">Hemos logrado posicionarnos en el mercado nacional, distribuyendo productos y servicios en los sectores de : Fumigaci\u00f3n y Control de plagas, Seguridad Industrial, Seguridad y Salud en el Trabajo, Trabajo Seguro en Alturas y una gama de Servicios Complementarios direccionados a los hogares y empresas colombianas.<\/p>\n<p>[\/vc_column_text][vc_column_text css=\u00bb.vc_custom_1589898911700{padding-top: 10px !important;}\u00bb]<a class=\"button bg-blue color-white\" href=\"https:\/\/api.whatsapp.com\/send?phone=+573174041143&amp;&amp;text=Hola,%20tengo%20una%20nueva%20solicitud%20de%20servicio\" target=\"_blank\" rel=\"noopener noreferrer\">Cont\u00e1ctenos<\/a>[\/vc_column_text][\/vc_column][vc_column width=\u00bb1\/3&#8243;][vc_column_text]<img style=\"max-width: 100%;\" src=\"\/wp-content\/uploads\/2019\/08\/Fuseincol-4.jpg\" alt=\"\" \/><\/p>\n<p>[\/vc_column_text][\/vc_column][\/vc_row][vc_row css=\u00bb.vc_custom_1565982905434{padding-top: 35px !important;padding-bottom: 35px !important;}\u00bb][vc_column][vc_separator css=\u00bb.vc_custom_1565982576953{padding-top: 25px !important;padding-bottom: 25px !important;}\u00bb][\/vc_column][\/vc_row][vc_row content_placement=\u00bbmiddle\u00bb][vc_column][vc_column_text]<\/p>\n<p class=\"text-xlg text-bold text-title color-red\" style=\"margin-top: 0px;\">Quienes Somos<\/p>\n<p>[\/vc_column_text][vc_column_text]<\/p>\n<p style=\"text-align: justify;\">Fuseincol S.A.S. Somos un Grupo Econ\u00f3mico con 15 a\u00f1os de experiencia en el sector industrial y residencial, dedicado mediante sus productos y servicios, a la soluci\u00f3n de necesidades en cumplimiento de la normatividad colombiana. Hemos logrado posicionarnos como marca l\u00edder en el mercado nacional y fortalecido nuestro liderazgo, demostrando a nuestros clientes que somos la mejor opci\u00f3n, siempre a la vanguardia, mediante la mejora continua, cultura de calidad, competitividad, \u00e9tica empresarial, transparencia, respeto al medio ambiente y compromiso con nuestros empleados.<\/p>\n<p>[\/vc_column_text][\/vc_column][\/vc_row][vc_row css=\u00bb.vc_custom_1565982905434{padding-top: 35px !important;padding-bottom: 35px !important;}\u00bb][vc_column][vc_separator css=\u00bb.vc_custom_1565982576953{padding-top: 25px !important;padding-bottom: 25px !important;}\u00bb][\/vc_column][\/vc_row][vc_row content_placement=\u00bbmiddle\u00bb css=\u00bb.vc_custom_1565983033345{padding-bottom: 70px !important;}\u00bb][vc_column width=\u00bb1\/2&#8243;][vc_column_text]<\/p>\n<p class=\"text-xlg text-bold text-title color-red\" style=\"margin-top: 0px;\">Misi\u00f3n<\/p>\n<p>[\/vc_column_text][vc_column_text]<\/p>\n<p style=\"text-align: justify;\">Contribuir al mejoramiento de las condiciones de trabajo y la calidad de vida de las personas, as\u00ed como a la conservaci\u00f3n y protecci\u00f3n del medio ambiente, mediante la prestaci\u00f3n de servicios de seguridad industrial, seguridad y salud en el trabajo y control de plagas, de forma competitiva con calidad sostenible y rentable, siempre en busca de la satisfacci\u00f3n del cliente, con un servicio oportuno e innovador.<\/p>\n<p>[\/vc_column_text][\/vc_column][vc_column width=\u00bb1\/2&#8243;][vc_column_text]<\/p>\n<p class=\"text-xlg text-bold text-title color-red\" style=\"margin-top: 0px;\">Visi\u00f3n<\/p>\n<p>[\/vc_column_text][vc_column_text]<\/p>\n<p style=\"text-align: justify;\">Mantener el liderazgo a nivel regional, con proyecci\u00f3n nacional y presencia institucional en las principales ciudades del pa\u00eds. Ser una empresa de reconocido prestigio y credibilidad, debido a la b\u00fasqueda permanente de la excelencia en sus productos y servicios, comprometida con la total satisfacci\u00f3n de los clientes y positivo impacto en la competitividad de las empresas y del pa\u00eds<\/p>\n<p>[\/vc_column_text][\/vc_column][\/vc_row]<\/p>\n","protected":false},"excerpt":{"rendered":"<p>[vc_row content_placement=\u00bbmiddle\u00bb css=\u00bb.vc_custom_1565982585056{padding-top: 70px !important;}\u00bb][vc_column width=\u00bb2\/3&#8243;][vc_column_text] Fuseincol S.A.S [\/vc_column_text][vc_column_text] Fuseincol S.A.S. Fusi\u00f3n de Servicios Industriales de Colombia, somos una empresa&#8230;<\/p>\n","protected":false},"author":1,"featured_media":0,"parent":0,"menu_order":0,"comment_status":"closed","ping_status":"closed","template":"","meta":[],"_links":{"self":[{"href":"https:\/\/www.fuseincol.com\/rionegro\/wp-json\/wp\/v2\/pages\/25"}],"collection":[{"href":"https:\/\/www.fuseincol.com\/rionegro\/wp-json\/wp\/v2\/pages"}],"about":[{"href":"https:\/\/www.fuseincol.com\/rionegro\/wp-json\/wp\/v2\/types\/page"}],"author":[{"embeddable":true,"href":"https:\/\/www.fuseincol.com\/rionegro\/wp-json\/wp\/v2\/users\/1"}],"replies":[{"embeddable":true,"href":"https:\/\/www.fuseincol.com\/rionegro\/wp-json\/wp\/v2\/comments?post=25"}],"version-history":[{"count":37,"href":"https:\/\/www.fuseincol.com\/rionegro\/wp-json\/wp\/v2\/pages\/25\/revisions"}],"predecessor-version":[{"id":48,"href":"https:\/\/www.fuseincol.com\/rionegro\/wp-json\/wp\/v2\/pages\/25\/revisions\/48"}],"wp:attachment":[{"href":"https:\/\/www.fuseincol.com\/rionegro\/wp-json\/wp\/v2\/media?parent=25"}],"curies":[{"name":"wp","href":"https:\/\/api.w.org\/{rel}","templated":true}]}}