{"id":533,"date":"2019-08-16T23:02:27","date_gmt":"2019-08-16T21:02:27","guid":{"rendered":"http:\/\/estrategiascomercialesweb.com\/ip\/fuseincol\/?page_id=533"},"modified":"2019-08-16T23:38:11","modified_gmt":"2019-08-16T21:38:11","slug":"seguridad-industrial","status":"publish","type":"page","link":"https:\/\/www.fuseincol.com\/rionegro\/seguridad-industrial\/","title":{"rendered":"Seguridad Industrial"},"content":{"rendered":"<p>[vc_row content_placement=\u00bbmiddle\u00bb css=\u00bb.vc_custom_1565989607681{padding-top: 70px !important;padding-bottom: 15px !important;}\u00bb][vc_column][vc_column_text]<\/p>\n<p class=\"text-xlg text-bold text-title color-red\" style=\"margin-top: 0px;\">Seguridad Industrial<\/p>\n<p>[\/vc_column_text][vc_column_text]<\/p>\n<p style=\"text-align: justify;\">Mantenimiento y recarga de extintores industriales y vehiculares, Instalaci\u00f3n y re ubicaci\u00f3n de equipos contra incendio. Lavado, encerado y testado de mangueras contra incendio<\/p>\n<p style=\"text-align: justify;\"><strong>Suministro de:<\/strong><\/p>\n<p>[\/vc_column_text][\/vc_column][\/vc_row][vc_row content_placement=\u00bbmiddle\u00bb css=\u00bb.vc_custom_1565991351957{padding-top: 15px !important;padding-bottom: 70px !important;}\u00bb][vc_column width=\u00bb1\/3&#8243;][vc_column_text]<\/p>\n<p style=\"text-align: justify;\">\u2022 Extintores Multiprop\u00f3sito ( 5,10, 20, 30 Lbs.)<\/p>\n<p style=\"text-align: justify;\">\u2022 Extintores Solkaflam 123 Agente Limpio<\/p>\n<p style=\"text-align: justify;\">\u2022 Extintoresde Agua a presi\u00f3n<\/p>\n<p style=\"text-align: justify;\">\u2022 Extintores Di\u00f3xido de carbono Co2<\/p>\n<p style=\"text-align: justify;\">\u2022 Equipo kit de carretera. Contenido reglamentario<\/p>\n<p style=\"text-align: justify;\">\u2022 Botiqu\u00ednport\u00e1til de primeros auxilios reglamentario<\/p>\n<p style=\"text-align: justify;\">\u2022 Botiqu\u00ednEmpresarial \u2013 Industrial<\/p>\n<p style=\"text-align: justify;\">\u2022 Botiqu\u00edn Morral Brigadista<\/p>\n<p>[\/vc_column_text][\/vc_column][vc_column width=\u00bb1\/3&#8243;][vc_column_text]<\/p>\n<p style=\"text-align: justify;\">\u2022 Conos viales (20,30,45,70 cms)<\/p>\n<p style=\"text-align: justify;\">\u2022 Colombinas viales<\/p>\n<p style=\"text-align: justify;\">\u2022 Cinta Se\u00f1alizaci\u00f3n<\/p>\n<p style=\"text-align: justify;\">\u2022 Camillas de primeros auxilios (polipropileno y madera)<\/p>\n<p style=\"text-align: justify;\">\u2022 Camillas de primeros auxilios (polipropileno y madera)<\/p>\n<p style=\"text-align: justify;\">\u2022 Inmovilizadores cervical \u2013 miembros superiores e inferiores.<\/p>\n<p style=\"text-align: justify;\">\u2022 Gabinetes contra incendio con contenido<br \/>\nMangueras contra incendio<\/p>\n<p style=\"text-align: justify;\">\u2022 Elementos de protecci\u00f3n personal<\/p>\n<p>[\/vc_column_text][\/vc_column][vc_column width=\u00bb1\/3&#8243;][vc_column_text]<\/p>\n<p style=\"text-align: justify;\">\u2022 Cinta antideslizante<\/p>\n<p style=\"text-align: justify;\">\u2022 Se\u00f1alizaci\u00f3n reglamentaria industrial<\/p>\n<p style=\"text-align: justify;\">\u2022 Se\u00f1alizaci\u00f3n empresarial<\/p>\n<p style=\"text-align: justify;\">\u2022 Se\u00f1alizaci\u00f3n reglamentaria para piscinas<\/p>\n<p style=\"text-align: justify;\">\u2022 Dotaci\u00f3n industrial<\/p>\n<p style=\"text-align: justify;\">\u2022 Lavado y desinfecci\u00f3n de tanques a\u00e9reos y<\/p>\n<p style=\"text-align: justify;\">\u2022 subterr\u00e1neos de agua<\/p>\n<p style=\"text-align: justify;\">\u2022 Instalaci\u00f3n de cintas antideslizantes en escaleras<\/p>\n<p style=\"text-align: justify;\">\u2022 Instalaci\u00f3n de se\u00f1alizaci\u00f3n empresarial<\/p>\n<p>[\/vc_column_text][\/vc_column][\/vc_row]<\/p>\n","protected":false},"excerpt":{"rendered":"<p>[vc_row content_placement=\u00bbmiddle\u00bb css=\u00bb.vc_custom_1565989607681{padding-top: 70px !important;padding-bottom: 15px !important;}\u00bb][vc_column][vc_column_text] Seguridad Industrial [\/vc_column_text][vc_column_text] Mantenimiento y recarga de extintores industriales y vehiculares, Instalaci\u00f3n y&#8230;<\/p>\n","protected":false},"author":1,"featured_media":0,"parent":0,"menu_order":0,"comment_status":"closed","ping_status":"closed","template":"","meta":[],"_links":{"self":[{"href":"https:\/\/www.fuseincol.com\/rionegro\/wp-json\/wp\/v2\/pages\/533"}],"collection":[{"href":"https:\/\/www.fuseincol.com\/rionegro\/wp-json\/wp\/v2\/pages"}],"about":[{"href":"https:\/\/www.fuseincol.com\/rionegro\/wp-json\/wp\/v2\/types\/page"}],"author":[{"embeddable":true,"href":"https:\/\/www.fuseincol.com\/rionegro\/wp-json\/wp\/v2\/users\/1"}],"replies":[{"embeddable":true,"href":"https:\/\/www.fuseincol.com\/rionegro\/wp-json\/wp\/v2\/comments?post=533"}],"version-history":[{"count":15,"href":"https:\/\/www.fuseincol.com\/rionegro\/wp-json\/wp\/v2\/pages\/533\/revisions"}],"predecessor-version":[{"id":555,"href":"https:\/\/www.fuseincol.com\/rionegro\/wp-json\/wp\/v2\/pages\/533\/revisions\/555"}],"wp:attachment":[{"href":"https:\/\/www.fuseincol.com\/rionegro\/wp-json\/wp\/v2\/media?parent=533"}],"curies":[{"name":"wp","href":"https:\/\/api.w.org\/{rel}","templated":true}]}}