{"id":706,"date":"2019-08-17T18:11:10","date_gmt":"2019-08-17T16:11:10","guid":{"rendered":"http:\/\/estrategiascomercialesweb.com\/ip\/fuseincol\/?page_id=706"},"modified":"2020-05-19T10:55:13","modified_gmt":"2020-05-19T15:55:13","slug":"extintores-de-solkaflam","status":"publish","type":"page","link":"https:\/\/www.fuseincol.com\/rionegro\/extintores-de-solkaflam\/","title":{"rendered":"Extintores de Solkaflam"},"content":{"rendered":"<p>[vc_row content_placement=\u00bbmiddle\u00bb css=\u00bb.vc_custom_1566058385126{padding-top: 70px !important;padding-bottom: 15px !important;}\u00bb][vc_column width=\u00bb1\/3&#8243;][vc_column_text]<img loading=\"lazy\" class=\"alignnone size-medium wp-image-708\" src=\"\/wp-content\/uploads\/2019\/08\/2b.jpg\" alt=\"\" width=\"100%\" height=\"NaN\" srcset=\"https:\/\/www.fuseincol.com\/rionegro\/wp-content\/uploads\/2019\/08\/2b.jpg 400w, https:\/\/www.fuseincol.com\/rionegro\/wp-content\/uploads\/2019\/08\/2b-150x150.jpg 150w, https:\/\/www.fuseincol.com\/rionegro\/wp-content\/uploads\/2019\/08\/2b-300x300.jpg 300w\" sizes=\"(max-width: 400px) 100vw, 400px\" \/>[\/vc_column_text][\/vc_column][vc_column width=\u00bb2\/3&#8243;][vc_column_text]<\/p>\n<p class=\"text-xlg text-bold text-title color-red\" style=\"margin-top: 0px;\">Extintores de Solkaflam 123 HCFC 123<\/p>\n<p>[\/vc_column_text][vc_column_text]<\/p>\n<p style=\"text-align: justify;\">USOS: Extinci\u00f3n de fuegos clase A \u2013 C.<\/p>\n<p style=\"text-align: justify;\">DEl Gobierno Colombiano, a trav\u00e9s del Ministerio de Ambiente \/ Desarrollo Sostenible y el Ministerio de Comercio, Industria y Turismo, MINCIT, en su compromiso por la preservaci\u00f3n del medio ambiente y la capa de ozono, adem\u00e1s como pa\u00eds integrante del Protocolo de Montreal, adopt\u00f3 como propias \u00e9stas medidas en la Resoluci\u00f3n 2329, la cual busca la regulaci\u00f3n del consumo y la reducci\u00f3n gradual a trav\u00e9s del tiempo con el fin de desaparecer los productos agotadores de la capa de ozono, entre ellos el producto HCFC 123, m\u00e1s com\u00fanmente conocido como \u201cSOLKAFLAM\u201d, el cual es utilizado en extintores port\u00e1tiles y se comercializa incluso como agente limpio.<\/p>\n<p style=\"text-align: justify;\">El calendario establecido por el Protocolo de Montreal para la eliminaci\u00f3n del consumo de los HCFC, para los pa\u00edses que operan al amparo del Art\u00edculo 5, como Colombia, es el siguiente:<\/p>\n<p>[\/vc_column_text][vc_column_text css=\u00bb.vc_custom_1589903710408{padding-top: 10px !important;}\u00bb]<a class=\"button bg-blue color-white\" href=\"https:\/\/api.whatsapp.com\/send?phone=+573174041143&amp;&amp;text=Hola,%20tengo%20una%20nueva%20solicitud%20de%20servicio\" target=\"_blank\" rel=\"noopener noreferrer\">Cont\u00e1ctenos<\/a>[\/vc_column_text][\/vc_column][\/vc_row][vc_row content_placement=\u00bbmiddle\u00bb css=\u00bb.vc_custom_1566058898964{padding-top: 15px !important;padding-bottom: 15px !important;}\u00bb][vc_column][vc_column_text]<\/p>\n<div class=\"table-responsive\"><!--Table--><\/p>\n<table class=\"table table-striped\"><!--Table head--><\/p>\n<thead>\n<tr>\n<th>Anexo y Grupo del protocolo<\/th>\n<th>Tipo de SAO<\/th>\n<th>Periodo de la l\u00ednea base<\/th>\n<th>Primera medida de control para paises ART. 5<\/th>\n<th>Eliminaci\u00f3n definitiva para paises ART. 5<\/th>\n<\/tr>\n<\/thead>\n<p><!--Table head--><!--Table body--><\/p>\n<tbody>\n<tr>\n<th scope=\"row\">C1<\/th>\n<td>HCFC<\/td>\n<td>2009 a 20010<\/td>\n<td>2013 Congelaci\u00f3n<\/td>\n<td>Reducci\u00f3n del 10% &#8211; 2015<br \/>\nReducci\u00f3n del 35% &#8211; 2020<br \/>\nReducci\u00f3n del 67.5% &#8211; 2025<br \/>\nReducci\u00f3n del 97.5% &#8211; 2030<br \/>\nEliminaci\u00f3n del 100% &#8211; 2040<\/td>\n<\/tr>\n<\/tbody>\n<p><!--Table body--><\/table>\n<p><!--Table--><\/p>\n<\/div>\n<p>[\/vc_column_text][\/vc_column][\/vc_row][vc_row content_placement=\u00bbmiddle\u00bb css=\u00bb.vc_custom_1566058942772{padding-top: 5px !important;padding-bottom: 70px !important;}\u00bb][vc_column][vc_column_text]<\/p>\n<p style=\"text-align: justify;\">Fuseincol SAS hace extensiva la campa\u00f1a para reemplazar el uso del mismo, como agente extintor por otros que presenten ventajas equivalentes como Extintor Di\u00f3xido de Carbono CO2. Entre las ventajas de estos gases, la fundamental es su caracter\u00edstica \u00ablimpia\u00bb, es decir que extingue el fuego sin dejar residuo ni da\u00f1ar los componentes comprometidos con gases corrosivos, como lo hacen otros agentes extintores, cumpliendo con la Normatividad NFPA 10.<\/p>\n<p>[\/vc_column_text][\/vc_column][\/vc_row]<\/p>\n","protected":false},"excerpt":{"rendered":"<p>[vc_row content_placement=\u00bbmiddle\u00bb css=\u00bb.vc_custom_1566058385126{padding-top: 70px !important;padding-bottom: 15px !important;}\u00bb][vc_column width=\u00bb1\/3&#8243;][vc_column_text][\/vc_column_text][\/vc_column][vc_column width=\u00bb2\/3&#8243;][vc_column_text] Extintores de Solkaflam 123 HCFC 123 [\/vc_column_text][vc_column_text] USOS: Extinci\u00f3n de fuegos&#8230;<\/p>\n","protected":false},"author":1,"featured_media":0,"parent":0,"menu_order":0,"comment_status":"closed","ping_status":"closed","template":"","meta":[],"_links":{"self":[{"href":"https:\/\/www.fuseincol.com\/rionegro\/wp-json\/wp\/v2\/pages\/706"}],"collection":[{"href":"https:\/\/www.fuseincol.com\/rionegro\/wp-json\/wp\/v2\/pages"}],"about":[{"href":"https:\/\/www.fuseincol.com\/rionegro\/wp-json\/wp\/v2\/types\/page"}],"author":[{"embeddable":true,"href":"https:\/\/www.fuseincol.com\/rionegro\/wp-json\/wp\/v2\/users\/1"}],"replies":[{"embeddable":true,"href":"https:\/\/www.fuseincol.com\/rionegro\/wp-json\/wp\/v2\/comments?post=706"}],"version-history":[{"count":13,"href":"https:\/\/www.fuseincol.com\/rionegro\/wp-json\/wp\/v2\/pages\/706\/revisions"}],"predecessor-version":[{"id":1037,"href":"https:\/\/www.fuseincol.com\/rionegro\/wp-json\/wp\/v2\/pages\/706\/revisions\/1037"}],"wp:attachment":[{"href":"https:\/\/www.fuseincol.com\/rionegro\/wp-json\/wp\/v2\/media?parent=706"}],"curies":[{"name":"wp","href":"https:\/\/api.w.org\/{rel}","templated":true}]}}