{"id":735,"date":"2019-08-17T18:36:03","date_gmt":"2019-08-17T16:36:03","guid":{"rendered":"http:\/\/estrategiascomercialesweb.com\/ip\/fuseincol\/?page_id=735"},"modified":"2020-05-19T10:55:31","modified_gmt":"2020-05-19T15:55:31","slug":"extintores-tipo-k","status":"publish","type":"page","link":"https:\/\/www.fuseincol.com\/rionegro\/extintores-tipo-k\/","title":{"rendered":"Extintores Tipo K"},"content":{"rendered":"<p>[vc_row content_placement=\u00bbmiddle\u00bb css=\u00bb.vc_custom_1566059625642{padding-top: 70px !important;padding-bottom: 70px !important;}\u00bb][vc_column width=\u00bb1\/3&#8243;][vc_column_text]<img loading=\"lazy\" class=\"alignnone size-medium wp-image-708\" src=\"\/wp-content\/uploads\/2019\/08\/tipo_k.jpg\" alt=\"\" width=\"100%\" height=\"NaN\" \/>[\/vc_column_text][\/vc_column][vc_column width=\u00bb2\/3&#8243;][vc_column_text]<\/p>\n<p class=\"text-xlg text-bold text-title color-red\" style=\"margin-top: 0px;\">Extintores de Cocina Clase K<\/p>\n<p>[\/vc_column_text][vc_column_text]<\/p>\n<p style=\"text-align: justify;\">El \u00danico extintor fabricado para proteger cocinas de restaurantes de fuegos Clase K, de l\u00edquidos y grasas comestibles. Estos modernos extintores, cuyo agente extintor es a base de acetato de Potasio, para la extinci\u00f3n de fuegos clase K.<\/p>\n<p style=\"text-align: justify;\">Estos extintores tienen las siguientes caracter\u00edsticas:<\/p>\n<p style=\"text-align: justify;\">\u2022 Probado en freidoras comerciales con alto contenido de grasa, superando las dificultades de la prueba de fuego establecida por ANSI\/UL.<\/p>\n<p style=\"text-align: justify;\">\u2022 La conexi\u00f3n de la manguera giratoria permite la orientaci\u00f3n de la boquilla para una aplicaci\u00f3n por encima del fuego.<\/p>\n<p style=\"text-align: justify;\">\u2022 La manguera para descarga tiene adem\u00e1s un dise\u00f1o que le permite f\u00e1cil uso en espacios peque\u00f1os y en cocinas de espacio reducido.<\/p>\n<p style=\"text-align: justify;\">\u2022 El mango de la boquilla est\u00e1 dise\u00f1ado a un \u00e1ngulo de 45\u00b0 para su aplicaci\u00f3n f\u00e1cil.<\/p>\n<p style=\"text-align: justify;\">\u2022 El agente PH de agente qu\u00edmico h\u00famedo tiene una descarga de niebla fina que ayuda a prevenir el salpicado de la grasa y la re-ignici\u00f3n del fuego mientras se enfr\u00eda el contenedor, plancha o freidora.<\/p>\n<p style=\"text-align: justify;\">\u2022 Producen una descarga muy precisa del agente extintor.<\/p>\n<p style=\"text-align: justify;\">\u2022 Excelente para uso en todos los aparatos de cocina incluyendo asadores de carb\u00f3n.<\/p>\n<p style=\"text-align: justify;\">\u2022 Aprobados por UL 711 y seguro para usarse en fuegos el\u00e9ctricos de Clase C.<\/p>\n<p style=\"text-align: justify;\">\u2022 Tienen instrucciones originales en espa\u00f1ol<\/p>\n<p>[\/vc_column_text][vc_column_text css=\u00bb.vc_custom_1589903727572{padding-top: 10px !important;}\u00bb]<a class=\"button bg-blue color-white\" href=\"https:\/\/api.whatsapp.com\/send?phone=+573174041143&amp;&amp;text=Hola,%20tengo%20una%20nueva%20solicitud%20de%20servicio\" target=\"_blank\" rel=\"noopener noreferrer\">Cont\u00e1ctenos<\/a>[\/vc_column_text][\/vc_column][\/vc_row]<\/p>\n","protected":false},"excerpt":{"rendered":"<p>[vc_row content_placement=\u00bbmiddle\u00bb css=\u00bb.vc_custom_1566059625642{padding-top: 70px !important;padding-bottom: 70px !important;}\u00bb][vc_column width=\u00bb1\/3&#8243;][vc_column_text][\/vc_column_text][\/vc_column][vc_column width=\u00bb2\/3&#8243;][vc_column_text] Extintores de Cocina Clase K [\/vc_column_text][vc_column_text] El \u00danico extintor fabricado para&#8230;<\/p>\n","protected":false},"author":1,"featured_media":0,"parent":0,"menu_order":0,"comment_status":"closed","ping_status":"closed","template":"","meta":[],"_links":{"self":[{"href":"https:\/\/www.fuseincol.com\/rionegro\/wp-json\/wp\/v2\/pages\/735"}],"collection":[{"href":"https:\/\/www.fuseincol.com\/rionegro\/wp-json\/wp\/v2\/pages"}],"about":[{"href":"https:\/\/www.fuseincol.com\/rionegro\/wp-json\/wp\/v2\/types\/page"}],"author":[{"embeddable":true,"href":"https:\/\/www.fuseincol.com\/rionegro\/wp-json\/wp\/v2\/users\/1"}],"replies":[{"embeddable":true,"href":"https:\/\/www.fuseincol.com\/rionegro\/wp-json\/wp\/v2\/comments?post=735"}],"version-history":[{"count":7,"href":"https:\/\/www.fuseincol.com\/rionegro\/wp-json\/wp\/v2\/pages\/735\/revisions"}],"predecessor-version":[{"id":1038,"href":"https:\/\/www.fuseincol.com\/rionegro\/wp-json\/wp\/v2\/pages\/735\/revisions\/1038"}],"wp:attachment":[{"href":"https:\/\/www.fuseincol.com\/rionegro\/wp-json\/wp\/v2\/media?parent=735"}],"curies":[{"name":"wp","href":"https:\/\/api.w.org\/{rel}","templated":true}]}}