{"id":143,"date":"2019-07-18T15:41:52","date_gmt":"2019-07-18T13:41:52","guid":{"rendered":"https:\/\/www.rinrinrecreacion.com.co\/web\/?page_id=143"},"modified":"2021-10-07T09:15:22","modified_gmt":"2021-10-07T14:15:22","slug":"manejo-integral-de-plagas-en-alimentos-mip","status":"publish","type":"page","link":"https:\/\/www.fuseincol.com\/yumbo\/manejo-integral-de-plagas-en-alimentos-mip\/","title":{"rendered":"Manejo Integral de plagas en alimentos MIP"},"content":{"rendered":"<p>[vc_row content_placement=\u00bbmiddle\u00bb css=\u00bb.vc_custom_1565986700654{padding-top: 70px !important;padding-bottom: 15px !important;}\u00bb][vc_column][vc_column_text]<\/p>\n<h1 class=\"text-xlg text-bold text-title color-red\" style=\"margin-top: 0px;\">Manejo integral de plagas en Santa Marta<\/h1>\n<p>[\/vc_column_text][vc_column_text]<\/p>\n<p style=\"text-align: justify;\">El Manejo Integral de Plagas (MIP) busca el uso m\u00e1s eficiente de las estrategias disponibles para el control de las poblaciones de plagas, por medio de la toma de decisiones que prevengan problemas, suprima niveles de da\u00f1o y haga uso del control qu\u00edmico cuando y donde sea necesario.<\/p>\n<p style=\"text-align: justify;\">El MIP es el concepto m\u00e1s responsable y adecuado para las personas e industrias dedicadas a los productos para el consumo humano como como cocinas, Plantas de Producci\u00f3n, empaque, transporte y distribuci\u00f3n y todo para quienes tengan contacto con estos, como son los lockers, ba\u00f1os, vestuario, calzado de los trabajadores que los manipulan y bodegas de almacenamiento, almacenes, que tienen que ver con la elaboraci\u00f3n, comercializaci\u00f3n y distribuci\u00f3n de alimentos, de acuerdo con las Buenas Pr\u00e1cticas de Manufactura (BPM) y las Buenas Practicas en la Elaboraci\u00f3n de Alimentos (BPE).<\/p>\n<p style=\"text-align: justify;\">El MIP consta de una metodolog\u00eda de seis (6) pasos, la cual crea un programa que define la necesidad y las caracter\u00edsticas locativas del cliente, con respecto a la plaga que lo aqueja, identificando tres (3) puntos b\u00e1sicos para la plagas: Consecuci\u00f3n de alimento, agua y alojamiento.<\/p>\n<p>[\/vc_column_text][\/vc_column][\/vc_row][vc_row content_placement=\u00bbmiddle\u00bb css=\u00bb.vc_custom_1565986737878{padding-top: 15px !important;padding-bottom: 15px !important;}\u00bb][vc_column width=\u00bb1\/2&#8243;][vc_column_text]<img style=\"max-width: 100%;\" src=\"\/wp-content\/uploads\/2019\/08\/Control-de-plagas-Medell\u00edn.jpg\" alt=\"\" \/>[\/vc_column_text][\/vc_column][vc_column width=\u00bb1\/2&#8243;][vc_column_text]<\/p>\n<p style=\"text-align: justify;\">El programa se basa en identificar y eliminar \u00e9stas tres variables de forma segura y responsable con el ambiente en los siguientes pasos:<\/p>\n<p style=\"text-align: justify;\"><strong>1. Inspecci\u00f3n y Valoraci\u00f3n:<\/strong> Revisi\u00f3n f\u00edsica del establecimiento y su entorno, determinaci\u00f3n de variables de infestaci\u00f3n<\/p>\n<p style=\"text-align: justify;\"><strong>2. Identificaci\u00f3n:<\/strong> Se determina la especie de plaga y su nivel de infestaci\u00f3n, identificando su biolog\u00eda para determinar el control requerido.<\/p>\n<p style=\"text-align: justify;\"><strong>3. Planificaci\u00f3n:<\/strong> Elaboraci\u00f3n del programa MIP seg\u00fan las \u00e1reas a tratar, m\u00e9todos, frecuencia a implementar<\/p>\n<p style=\"text-align: justify;\"><strong>4. Aplicaci\u00f3n de medidas de control:<\/strong> Ejecuci\u00f3n del plan establecido y m\u00e9todos definidos.<\/p>\n<p style=\"text-align: justify;\"><strong>5 Evaluaci\u00f3n:<\/strong> Se determina la especie de plaga y su nivel de infestaci\u00f3n, identificando su biolog\u00eda para determinar el control requerido.<\/p>\n<p style=\"text-align: justify;\"><strong>6. Planificaci\u00f3n:<\/strong> Elaboraci\u00f3n del programa MIP seg\u00fan las \u00e1reas a tratar, m\u00e9todos, frecuencia a implementar<\/p>\n<p>[\/vc_column_text][vc_column_text css=\u00bb.vc_custom_1589898898995{padding-top: 10px !important;}\u00bb]<a class=\"button bg-blue color-white\" href=\"https:\/\/api.whatsapp.com\/send?phone=+573174041143&amp;&amp;text=Hola,%20tengo%20una%20nueva%20solicitud%20de%20servicio\" target=\"_blank\" rel=\"noopener noreferrer\">Cont\u00e1ctenos<\/a>[\/vc_column_text][\/vc_column][\/vc_row][vc_row content_placement=\u00bbmiddle\u00bb css=\u00bb.vc_custom_1565987973031{padding-top: 15px !important;padding-bottom: 70px !important;}\u00bb][vc_column][vc_column_text]<\/p>\n<p class=\"text-xlg text-bold text-title color-red\" style=\"margin-top: 0px;\">Recomendaciones<\/p>\n<p>[\/vc_column_text][vc_column_text]<\/p>\n<p style=\"text-align: justify;\">Para complementar nuestra gesti\u00f3n con controles qu\u00edmicos, f\u00edsicos, biol\u00f3gicos y mec\u00e1nicos, es necesaria la participaci\u00f3n activa y permanente del cliente y de la comunidad en general, como pilar fundamental para la prevenci\u00f3n de infestaciones por roedores y para hacer sostenible en el tiempo cualquier intervenci\u00f3n que se lleve a cabo:<\/p>\n<p>[\/vc_column_text][vc_row_inner][vc_column_inner width=\u00bb1\/2&#8243;][vc_column_text]<\/p>\n<p style=\"text-align: justify;\">\u2022 Proteger y tapar los alimentos: Con el uso de recipientes y\/o cajas de metal, vidrio, acero, barro, cer\u00e1mica. Los alimentos en grandes vol\u00famenes o en sacos, deben estar sobre estibas pl\u00e1sticas y ubicadas de manera que puedan ser revisadas constantemente.<\/p>\n<p style=\"text-align: justify;\">\u2022 Disposici\u00f3n adecuada de basuras y desechos: Todos los materiales que sirvan de refugio para los roedores deben ser sacados, como cart\u00f3n, madera, ladrillo, escombros en general.<\/p>\n<p style=\"text-align: justify;\">\u2022 Buenos h\u00e1bitos de higiene, limpieza y mantenimiento de viviendas e instalaciones en general<\/p>\n<p style=\"text-align: justify;\">\u2022 Evitar habitaciones y lugares h\u00famedos y oscuros, procurando adecuada ventilaci\u00f3n e iluminaci\u00f3n.<\/p>\n<p>[\/vc_column_text][\/vc_column_inner][vc_column_inner width=\u00bb1\/2&#8243;][vc_column_text]<\/p>\n<p style=\"text-align: justify;\">\u2022 Detectar y reparar inmediatamente las fisuras, grietas y huecos en techos, paredes y pisos.<\/p>\n<p style=\"text-align: justify;\">\u2022 Protecci\u00f3n de sifones con rejillas met\u00e1licas, varillas, para impedir la penetraci\u00f3n y el acceso de roedores hacia las edificaciones.<\/p>\n<p style=\"text-align: justify;\">\u2022 Dep\u00f3sitos de agua, cisternas, pozos, albercas, deben mantenerse protegidos contra el acceso de roedores, mediante el uso de tapas apropiadas.<\/p>\n<p style=\"text-align: justify;\">\u2022 Revisi\u00f3n permanente de tuber\u00edas, ca\u00f1er\u00edas y drenajes de excrementos, aguas lluvia, redes de alcantarillado y pozos s\u00e9pticos para que s\u00e9pticos, para evitar que se conviertan en lugares propicios para madrigueras.<\/p>\n<p>[\/vc_column_text][\/vc_column_inner][\/vc_row_inner][\/vc_column][\/vc_row][vc_row css=\u00bb.vc_custom_1569011113130{padding-top: 50px !important;}\u00bb][vc_column width=\u00bb1\/4&#8243;][vc_column_text]<\/p>\n<h1 style=\"text-align: center;\"><span style=\"font-size: 11pt;\"> Manejo Integral de Plagas en Santa Marta<\/span><\/h1>\n<p>[\/vc_column_text][\/vc_column][vc_column width=\u00bb1\/4&#8243;][vc_column_text]<\/p>\n<h1 style=\"text-align: center;\"><span style=\"font-size: 11pt;\"> Control de plagas en Restaurantes en Santa Marta<\/span><\/h1>\n<p>[\/vc_column_text][\/vc_column][vc_column width=\u00bb1\/4&#8243;][vc_column_text]<\/p>\n<h1 style=\"text-align: center;\"><span style=\"font-size: 11pt;\"> Mip en la industria de Alimentos en Santa Marta<\/span><\/h1>\n<p>[\/vc_column_text][\/vc_column][vc_column width=\u00bb1\/4&#8243;][vc_column_text]<\/p>\n<h1 style=\"text-align: center;\"><span style=\"font-size: 11pt;\"> Empresas de Manejo Integral de Plagas Santa Marta<\/span><\/h1>\n<p>[\/vc_column_text][\/vc_column][\/vc_row][vc_row css=\u00bb.vc_custom_1569011119719{padding-bottom: 50px !important;}\u00bb][vc_column width=\u00bb1\/4&#8243;][vc_column_text]<\/p>\n<h1 style=\"text-align: center;\"><span style=\"font-size: 11pt;\"> Fumigacion de plagas en Restaurantes en Santa Marta<\/span><\/h1>\n<p>[\/vc_column_text][\/vc_column][vc_column width=\u00bb1\/4&#8243;][vc_column_text]<\/p>\n<h1 style=\"text-align: center;\"><span style=\"font-size: 11pt;\"> Manejo Integral de Plagas en Alimentos mip Santa Marta<\/span><\/h1>\n<p>[\/vc_column_text][\/vc_column][vc_column width=\u00bb1\/4&#8243;][vc_column_text]<\/p>\n<h1 style=\"text-align: center;\"><span style=\"font-size: 11pt;\"> Fumigaci\u00f3n, Control de plagas en Plantas de Elaboradora de productos C\u00e1rnicos Santa Marta<\/span><\/h1>\n<p>[\/vc_column_text][\/vc_column][vc_column width=\u00bb1\/4&#8243;][vc_column_text]<\/p>\n<h1 style=\"text-align: center;\"><span style=\"font-size: 11pt;\"> Manejo Integral de Plagas en la Industria de Alimentos Santa Marta<\/span><\/h1>\n<p>[\/vc_column_text][\/vc_column][\/vc_row]<\/p>\n","protected":false},"excerpt":{"rendered":"<p>[vc_row content_placement=\u00bbmiddle\u00bb css=\u00bb.vc_custom_1565986700654{padding-top: 70px !important;padding-bottom: 15px !important;}\u00bb][vc_column][vc_column_text] Manejo integral de plagas en Santa Marta [\/vc_column_text][vc_column_text] El Manejo Integral de Plagas&#8230;<\/p>\n","protected":false},"author":1,"featured_media":0,"parent":0,"menu_order":0,"comment_status":"closed","ping_status":"closed","template":"","meta":[],"_links":{"self":[{"href":"https:\/\/www.fuseincol.com\/yumbo\/wp-json\/wp\/v2\/pages\/143"}],"collection":[{"href":"https:\/\/www.fuseincol.com\/yumbo\/wp-json\/wp\/v2\/pages"}],"about":[{"href":"https:\/\/www.fuseincol.com\/yumbo\/wp-json\/wp\/v2\/types\/page"}],"author":[{"embeddable":true,"href":"https:\/\/www.fuseincol.com\/yumbo\/wp-json\/wp\/v2\/users\/1"}],"replies":[{"embeddable":true,"href":"https:\/\/www.fuseincol.com\/yumbo\/wp-json\/wp\/v2\/comments?post=143"}],"version-history":[{"count":32,"href":"https:\/\/www.fuseincol.com\/yumbo\/wp-json\/wp\/v2\/pages\/143\/revisions"}],"predecessor-version":[{"id":1071,"href":"https:\/\/www.fuseincol.com\/yumbo\/wp-json\/wp\/v2\/pages\/143\/revisions\/1071"}],"wp:attachment":[{"href":"https:\/\/www.fuseincol.com\/yumbo\/wp-json\/wp\/v2\/media?parent=143"}],"curies":[{"name":"wp","href":"https:\/\/api.w.org\/{rel}","templated":true}]}}