{"id":603,"date":"2019-08-17T01:10:29","date_gmt":"2019-08-16T23:10:29","guid":{"rendered":"http:\/\/estrategiascomercialesweb.com\/ip\/fuseincol\/?page_id=603"},"modified":"2020-05-19T09:50:22","modified_gmt":"2020-05-19T14:50:22","slug":"senalizacion-industrial","status":"publish","type":"page","link":"https:\/\/www.fuseincol.com\/yumbo\/senalizacion-industrial\/","title":{"rendered":"Se\u00f1alizaci\u00f3n Industrial"},"content":{"rendered":"<p>[vc_row content_placement=\u00bbmiddle\u00bb css=\u00bb.vc_custom_1565996977731{padding-top: 70px !important;padding-bottom: 70px !important;}\u00bb][vc_column width=\u00bb1\/2&#8243;][vc_column_text]<\/p>\n<p><img style=\"max-width: 100%;\" src=\"\/wp-content\/uploads\/2019\/08\/Se\u00f1alizaci\u00f3n-insutrial.jpg\" alt=\"\" \/><\/p>\n<p>[\/vc_column_text][\/vc_column][vc_column width=\u00bb1\/2&#8243;][vc_column_text css=\u00bb.vc_custom_1565996919241{padding-bottom: 25px !important;}\u00bb]<\/p>\n<p class=\"text-xlg text-bold text-title color-red\" style=\"margin-top: 0px;\">Se\u00f1alizaci\u00f3n Industrial<\/p>\n<p>[\/vc_column_text][vc_column_text]<\/p>\n<p style=\"text-align: justify;\">\u2022 Se\u00f1alizaci\u00f3n Industrial de Prohibici\u00f3n: La forma geom\u00e9trica de un c\u00edrculo que lleva el s\u00edmbolo de prohibici\u00f3n de color rojo, fondo blanco para su con traste y pictogramas y\/o textos negros. Estas se\u00f1ales denotan pare o prohibici\u00f3n.<\/p>\n<p style=\"text-align: justify;\">\u2022 Se\u00f1alizaci\u00f3n Industrial de Obligaci\u00f3n: Esta se\u00f1alizaci\u00f3n industrial se identifica por medio de un c\u00edrculo totalmente azul sobre el cual se ponen textos o pictogramas de color blanco. Como su nombre lo indica se usan para dar mandatos acerca de la seguridad.<\/p>\n<p style=\"text-align: justify;\">\u2022 Se\u00f1alizaci\u00f3n Industrial de Prevenci\u00f3n y Peligro: Se caracterizan por ser un tri\u00e1ngulo de color amarillo con una orla negra dentro del cual se ubica en pictograma y\/o textos negros. Estas se\u00f1ales denotan peligro o precauci\u00f3n.<\/p>\n<p style=\"text-align: justify;\">\u2022 Se\u00f1alizaci\u00f3n Industrial de Informaci\u00f3n y Emergencia: Identificadas por fondo verde con textos e im\u00e1genes de color blanco sobre una superficie cuadrada o rectangular. La funci\u00f3n de dichas se\u00f1ales es dar informaci\u00f3n acerca de las condiciones de seguridad del lugar.<\/p>\n<p>[\/vc_column_text][vc_column_text css=\u00bb.vc_custom_1589899819453{padding-top: 10px !important;}\u00bb]<a class=\"button bg-blue color-white\" href=\"https:\/\/api.whatsapp.com\/send?phone=+573174041143&amp;&amp;text=Hola,%20tengo%20una%20nueva%20solicitud%20de%20servicio\" target=\"_blank\" rel=\"noopener noreferrer\">Cont\u00e1ctenos<\/a>[\/vc_column_text][\/vc_column][\/vc_row]<\/p>\n","protected":false},"excerpt":{"rendered":"<p>[vc_row content_placement=\u00bbmiddle\u00bb css=\u00bb.vc_custom_1565996977731{padding-top: 70px !important;padding-bottom: 70px !important;}\u00bb][vc_column width=\u00bb1\/2&#8243;][vc_column_text] [\/vc_column_text][\/vc_column][vc_column width=\u00bb1\/2&#8243;][vc_column_text css=\u00bb.vc_custom_1565996919241{padding-bottom: 25px !important;}\u00bb] Se\u00f1alizaci\u00f3n Industrial [\/vc_column_text][vc_column_text] \u2022 Se\u00f1alizaci\u00f3n Industrial de&#8230;<\/p>\n","protected":false},"author":1,"featured_media":0,"parent":0,"menu_order":0,"comment_status":"closed","ping_status":"closed","template":"","meta":[],"_links":{"self":[{"href":"https:\/\/www.fuseincol.com\/yumbo\/wp-json\/wp\/v2\/pages\/603"}],"collection":[{"href":"https:\/\/www.fuseincol.com\/yumbo\/wp-json\/wp\/v2\/pages"}],"about":[{"href":"https:\/\/www.fuseincol.com\/yumbo\/wp-json\/wp\/v2\/types\/page"}],"author":[{"embeddable":true,"href":"https:\/\/www.fuseincol.com\/yumbo\/wp-json\/wp\/v2\/users\/1"}],"replies":[{"embeddable":true,"href":"https:\/\/www.fuseincol.com\/yumbo\/wp-json\/wp\/v2\/comments?post=603"}],"version-history":[{"count":7,"href":"https:\/\/www.fuseincol.com\/yumbo\/wp-json\/wp\/v2\/pages\/603\/revisions"}],"predecessor-version":[{"id":1008,"href":"https:\/\/www.fuseincol.com\/yumbo\/wp-json\/wp\/v2\/pages\/603\/revisions\/1008"}],"wp:attachment":[{"href":"https:\/\/www.fuseincol.com\/yumbo\/wp-json\/wp\/v2\/media?parent=603"}],"curies":[{"name":"wp","href":"https:\/\/api.w.org\/{rel}","templated":true}]}}