{"id":729,"date":"2019-08-17T18:33:26","date_gmt":"2019-08-17T16:33:26","guid":{"rendered":"http:\/\/estrategiascomercialesweb.com\/ip\/fuseincol\/?page_id=729"},"modified":"2020-05-19T10:54:08","modified_gmt":"2020-05-19T15:54:08","slug":"extintor-satelital-sobre-ruedas","status":"publish","type":"page","link":"https:\/\/www.fuseincol.com\/yumbo\/extintor-satelital-sobre-ruedas\/","title":{"rendered":"Extintor satelital sobre ruedas"},"content":{"rendered":"<p>[vc_row content_placement=\u00bbmiddle\u00bb css=\u00bb.vc_custom_1566059625642{padding-top: 70px !important;padding-bottom: 70px !important;}\u00bb][vc_column width=\u00bb2\/3&#8243;][vc_column_text]<\/p>\n<p class=\"text-xlg text-bold text-title color-red\" style=\"margin-top: 0px;\">Extintor satelital sobre ruedas 150 libras de Polvo<\/p>\n<p>[\/vc_column_text][vc_column_text]<\/p>\n<p style=\"text-align: justify;\">Los extintores de agua a presi\u00f3n son vienen en presentaci\u00f3n de 2.5 galones en lamina de acero inoxidable y laminas cold rolled, estos extintores se usan en Colombia para el control de fuegos de tipo A los cuales son ocasionados por material combustible como el papel, la madera , las telas, estos extintores son recomendados para empresas e industria que manejna mas de 50% de etos tipos de productos tales como , las textiler\u00edas, f\u00e1bricas de cart\u00f3n, aserr\u00edos, carpinter\u00edas, fabricas de muebles.<\/p>\n<p>[\/vc_column_text][vc_column_text css=\u00bb.vc_custom_1589902555513{padding-top: 10px !important;}\u00bb]<a class=\"button bg-blue color-white\" href=\"https:\/\/api.whatsapp.com\/send?phone=+573174041143&amp;&amp;text=Hola,%20tengo%20una%20nueva%20solicitud%20de%20servicio\" target=\"_blank\" rel=\"noopener noreferrer\">Cont\u00e1ctenos<\/a>[\/vc_column_text][\/vc_column][vc_column width=\u00bb1\/3&#8243;][vc_column_text]<img loading=\"lazy\" class=\"alignnone size-medium wp-image-708\" src=\"\/wp-content\/uploads\/2019\/08\/extintor-satelite-abc-multiproposito.jpg\" alt=\"\" width=\"100%\" height=\"NaN\" \/>[\/vc_column_text][\/vc_column][\/vc_row]<\/p>\n","protected":false},"excerpt":{"rendered":"<p>[vc_row content_placement=\u00bbmiddle\u00bb css=\u00bb.vc_custom_1566059625642{padding-top: 70px !important;padding-bottom: 70px !important;}\u00bb][vc_column width=\u00bb2\/3&#8243;][vc_column_text] Extintor satelital sobre ruedas 150 libras de Polvo [\/vc_column_text][vc_column_text] Los extintores de&#8230;<\/p>\n","protected":false},"author":1,"featured_media":0,"parent":0,"menu_order":0,"comment_status":"closed","ping_status":"closed","template":"","meta":[],"_links":{"self":[{"href":"https:\/\/www.fuseincol.com\/yumbo\/wp-json\/wp\/v2\/pages\/729"}],"collection":[{"href":"https:\/\/www.fuseincol.com\/yumbo\/wp-json\/wp\/v2\/pages"}],"about":[{"href":"https:\/\/www.fuseincol.com\/yumbo\/wp-json\/wp\/v2\/types\/page"}],"author":[{"embeddable":true,"href":"https:\/\/www.fuseincol.com\/yumbo\/wp-json\/wp\/v2\/users\/1"}],"replies":[{"embeddable":true,"href":"https:\/\/www.fuseincol.com\/yumbo\/wp-json\/wp\/v2\/comments?post=729"}],"version-history":[{"count":5,"href":"https:\/\/www.fuseincol.com\/yumbo\/wp-json\/wp\/v2\/pages\/729\/revisions"}],"predecessor-version":[{"id":1023,"href":"https:\/\/www.fuseincol.com\/yumbo\/wp-json\/wp\/v2\/pages\/729\/revisions\/1023"}],"wp:attachment":[{"href":"https:\/\/www.fuseincol.com\/yumbo\/wp-json\/wp\/v2\/media?parent=729"}],"curies":[{"name":"wp","href":"https:\/\/api.w.org\/{rel}","templated":true}]}}