{"id":755,"date":"2019-08-17T18:51:01","date_gmt":"2019-08-17T16:51:01","guid":{"rendered":"http:\/\/estrategiascomercialesweb.com\/ip\/fuseincol\/?page_id=755"},"modified":"2020-05-19T09:37:37","modified_gmt":"2020-05-19T14:37:37","slug":"venta-mantenimiento-y-recarga","status":"publish","type":"page","link":"https:\/\/www.fuseincol.com\/yumbo\/venta-mantenimiento-y-recarga\/","title":{"rendered":"Venta, Mantenimiento y Recarga"},"content":{"rendered":"<p>[vc_row css=\u00bb.vc_custom_1566060843930{padding-top: 70px !important;padding-bottom: 15px !important;}\u00bb][vc_column][vc_column_text]<\/p>\n<p class=\"text-xlg text-bold text-title color-red\" style=\"margin-top: 0px; text-align: center;\">Venta, Mantenimiento y Recarga de Extintores<\/p>\n<p>[\/vc_column_text][vc_column_text]<\/p>\n<p style=\"text-align: center;\">Seg\u00fan la Norma T\u00e9cnica Colombiana NTC 3808 v.2004, el color y la forma de los anillos de verificaci\u00f3n de los extintores (aros) son:<\/p>\n<p>[\/vc_column_text][\/vc_column][\/vc_row][vc_row content_placement=\u00bbmiddle\u00bb css=\u00bb.vc_custom_1566061003943{padding-top: 15px !important;padding-bottom: 70px !important;}\u00bb][vc_column width=\u00bb1\/3&#8243;][vc_column_text]<\/p>\n<p style=\"text-align: center;\">A\u00f1o 2015: Color Verde, Forma circular<\/p>\n<p style=\"text-align: center;\">A\u00f1o 2016: Color Blanco, Forma circular<\/p>\n<p style=\"text-align: center;\">A\u00f1o 2017: Color Gris, Forma circular<\/p>\n<p style=\"text-align: center;\">A\u00f1o 2018: Color Amarillo, Forma circular<\/p>\n<p>[\/vc_column_text][\/vc_column][vc_column width=\u00bb1\/3&#8243;][vc_column_text]<\/p>\n<p style=\"text-align: center;\">A\u00f1o 2019: Color Azul, Forma circular<\/p>\n<p style=\"text-align: center;\">A\u00f1o 2020: Color Rojo, Forma circular<\/p>\n<p style=\"text-align: center;\">A\u00f1o 2016: Color Blanco, Forma Hexagonal<\/p>\n<p style=\"text-align: center;\">A\u00f1o 2017: Color Gris, Forma Hexagonal<\/p>\n<p>[\/vc_column_text][\/vc_column][vc_column width=\u00bb1\/3&#8243;][vc_column_text]<\/p>\n<p style=\"text-align: center;\">A\u00f1o 2018: Color Amarillo, Forma Hexagonal<\/p>\n<p style=\"text-align: center;\">A\u00f1o 2019: Color Azul, Forma Hexagonal<\/p>\n<p style=\"text-align: center;\">A\u00f1o 2020: Color Rojo, Forma Hexagonal<\/p>\n<p style=\"text-align: center;\">A\u00f1o 2021: Color Verde, Forma Hexagonal<\/p>\n<p>[\/vc_column_text][\/vc_column][\/vc_row][vc_row content_placement=\u00bbmiddle\u00bb css=\u00bb.vc_custom_1566061097434{padding-top: 15px !important;padding-bottom: 70px !important;}\u00bb][vc_column width=\u00bb1\/2&#8243;][vc_column_text]<\/p>\n<p class=\"text-xlg text-bold text-title color-red\" style=\"margin-top: 0px; text-align: left;\">Recarga y Mantenimiento<\/p>\n<p>[\/vc_column_text][vc_column_text]<\/p>\n<p style=\"text-align: justify;\">Recarga y mantenimiento de extintores de agua a presion de 2.5 libras<\/p>\n<p style=\"text-align: justify;\">Recarga y mantenimiento de extintores de polvo quimico seco abc de 10 libras<\/p>\n<p style=\"text-align: justify;\">Recarga y mantenimiento de extintores de polvo quimico seco abc de 20 libras<\/p>\n<p style=\"text-align: justify;\">Recarga y mantenimiento de extintores de polvo quimico seco abc de 30 libras<\/p>\n<p style=\"text-align: justify;\">Recarga y mantenimiento de extintores de hcfc Solkaflam 123 agente ecol\u00f3gico 2 kilogramos<\/p>\n<p style=\"text-align: justify;\">Recarga y mantenimiento de extintores de hcfc Solkaflam 123 agente ecol\u00f3gico 4 kilogramos<\/p>\n<p style=\"text-align: justify;\">Recarga y mantenimiento de extintores de hcfc Solkaflam 123 agente ecol\u00f3gico 8 kilogramos<\/p>\n<p style=\"text-align: justify;\">Recarga y mantenimiento de extintores polvo quimico seco abc satelital rodante de 150 libras<\/p>\n<p style=\"text-align: justify;\">Recarga y mantenimiento de extintores de toda clase , color y tama\u00f1o.<\/p>\n<p>[\/vc_column_text][\/vc_column][vc_column width=\u00bb1\/2&#8243;][vc_column_text]<img loading=\"lazy\" class=\"alignnone size-full wp-image-767\" src=\"\/wp-content\/uploads\/2019\/08\/Recarga-de-extintores.jpg\" alt=\"\" width=\"100%\" height=\"NaN\" \/>[\/vc_column_text][\/vc_column][\/vc_row]<\/p>\n","protected":false},"excerpt":{"rendered":"<p>[vc_row css=\u00bb.vc_custom_1566060843930{padding-top: 70px !important;padding-bottom: 15px !important;}\u00bb][vc_column][vc_column_text] Venta, Mantenimiento y Recarga de Extintores [\/vc_column_text][vc_column_text] Seg\u00fan la Norma T\u00e9cnica Colombiana NTC 3808&#8230;<\/p>\n","protected":false},"author":1,"featured_media":0,"parent":0,"menu_order":0,"comment_status":"closed","ping_status":"closed","template":"","meta":[],"_links":{"self":[{"href":"https:\/\/www.fuseincol.com\/yumbo\/wp-json\/wp\/v2\/pages\/755"}],"collection":[{"href":"https:\/\/www.fuseincol.com\/yumbo\/wp-json\/wp\/v2\/pages"}],"about":[{"href":"https:\/\/www.fuseincol.com\/yumbo\/wp-json\/wp\/v2\/types\/page"}],"author":[{"embeddable":true,"href":"https:\/\/www.fuseincol.com\/yumbo\/wp-json\/wp\/v2\/users\/1"}],"replies":[{"embeddable":true,"href":"https:\/\/www.fuseincol.com\/yumbo\/wp-json\/wp\/v2\/comments?post=755"}],"version-history":[{"count":14,"href":"https:\/\/www.fuseincol.com\/yumbo\/wp-json\/wp\/v2\/pages\/755\/revisions"}],"predecessor-version":[{"id":999,"href":"https:\/\/www.fuseincol.com\/yumbo\/wp-json\/wp\/v2\/pages\/755\/revisions\/999"}],"wp:attachment":[{"href":"https:\/\/www.fuseincol.com\/yumbo\/wp-json\/wp\/v2\/media?parent=755"}],"curies":[{"name":"wp","href":"https:\/\/api.w.org\/{rel}","templated":true}]}}