{"id":771,"date":"2019-08-17T19:03:37","date_gmt":"2019-08-17T17:03:37","guid":{"rendered":"http:\/\/estrategiascomercialesweb.com\/ip\/fuseincol\/?page_id=771"},"modified":"2020-05-19T09:40:38","modified_gmt":"2020-05-19T14:40:38","slug":"soportes-para-extintores","status":"publish","type":"page","link":"https:\/\/www.fuseincol.com\/yumbo\/soportes-para-extintores\/","title":{"rendered":"Soportes para Extintores"},"content":{"rendered":"<p>[vc_row content_placement=\u00bbmiddle\u00bb css=\u00bb.vc_custom_1566061418239{padding-top: 70px !important;padding-bottom: 15px !important;}\u00bb][vc_column][vc_column_text css=\u00bb.vc_custom_1566061359270{padding-bottom: 25px !important;}\u00bb]<\/p>\n<p class=\"text-xlg text-bold text-title color-red\" style=\"margin-top: 0px; text-align: center;\">Soportes para Extintores<\/p>\n<p>[\/vc_column_text][vc_column_text]<\/p>\n<p style=\"text-align: center;\">Ofrecemos soportes para extintores de 10 y 20 libras con bases en caucho y con pintura electroest\u00e1tica, soporte de piso met\u00e1lico con se\u00f1alizaci\u00f3n ideal para cualquier tipo de oficina.<\/p>\n<p>[\/vc_column_text][\/vc_column][\/vc_row][vc_row content_placement=\u00bbmiddle\u00bb css=\u00bb.vc_custom_1566061412279{padding-top: 15px !important;padding-bottom: 70px !important;}\u00bb][vc_column width=\u00bb1\/4&#8243;][\/vc_column][vc_column width=\u00bb1\/4&#8243;][vc_column_text]<\/p>\n<p style=\"text-align: center;\"><img loading=\"lazy\" class=\"alignnone wp-image-773\" src=\"https:\/\/www.fuseincol.com\/wp-content\/uploads\/2019\/08\/pedestal-122x300.jpg\" alt=\"\" width=\"165\" height=\"406\" \/><\/p>\n<p>[\/vc_column_text][vc_column_text css=\u00bb.vc_custom_1566061380077{padding-top: 15px !important;}\u00bb]<\/p>\n<p class=\"text-xlg text-bold text-title color-red\" style=\"margin-top: 0px; text-align: center; font-size: 16pt !important;\">Soporte de Pedestal para extintor<\/p>\n<p>[\/vc_column_text][\/vc_column][vc_column width=\u00bb1\/4&#8243;][vc_column_text]<img loading=\"lazy\" class=\"alignnone size-medium wp-image-626\" src=\"https:\/\/www.fuseincol.com\/wp-content\/uploads\/2019\/08\/caja-233x300.jpg\" alt=\"\" width=\"100%\" height=\"NaN\" \/>[\/vc_column_text][vc_column_text css=\u00bb.vc_custom_1566061390508{padding-top: 15px !important;}\u00bb]<\/p>\n<p class=\"text-xlg text-bold text-title color-red\" style=\"margin-top: 0px; text-align: center; font-size: 16pt !important;\">Gabinete de Extintores<\/p>\n<p>[\/vc_column_text][\/vc_column][vc_column width=\u00bb1\/4&#8243;][\/vc_column][\/vc_row]<\/p>\n","protected":false},"excerpt":{"rendered":"<p>[vc_row content_placement=\u00bbmiddle\u00bb css=\u00bb.vc_custom_1566061418239{padding-top: 70px !important;padding-bottom: 15px !important;}\u00bb][vc_column][vc_column_text css=\u00bb.vc_custom_1566061359270{padding-bottom: 25px !important;}\u00bb] Soportes para Extintores [\/vc_column_text][vc_column_text] Ofrecemos soportes para extintores de 10&#8230;<\/p>\n","protected":false},"author":1,"featured_media":0,"parent":0,"menu_order":0,"comment_status":"closed","ping_status":"closed","template":"","meta":[],"_links":{"self":[{"href":"https:\/\/www.fuseincol.com\/yumbo\/wp-json\/wp\/v2\/pages\/771"}],"collection":[{"href":"https:\/\/www.fuseincol.com\/yumbo\/wp-json\/wp\/v2\/pages"}],"about":[{"href":"https:\/\/www.fuseincol.com\/yumbo\/wp-json\/wp\/v2\/types\/page"}],"author":[{"embeddable":true,"href":"https:\/\/www.fuseincol.com\/yumbo\/wp-json\/wp\/v2\/users\/1"}],"replies":[{"embeddable":true,"href":"https:\/\/www.fuseincol.com\/yumbo\/wp-json\/wp\/v2\/comments?post=771"}],"version-history":[{"count":9,"href":"https:\/\/www.fuseincol.com\/yumbo\/wp-json\/wp\/v2\/pages\/771\/revisions"}],"predecessor-version":[{"id":1000,"href":"https:\/\/www.fuseincol.com\/yumbo\/wp-json\/wp\/v2\/pages\/771\/revisions\/1000"}],"wp:attachment":[{"href":"https:\/\/www.fuseincol.com\/yumbo\/wp-json\/wp\/v2\/media?parent=771"}],"curies":[{"name":"wp","href":"https:\/\/api.w.org\/{rel}","templated":true}]}}